{"id":878,"date":"2017-06-13T07:45:07","date_gmt":"2017-06-13T07:45:07","guid":{"rendered":"http:\/\/fortiscork.com\/controllo-della-permeabilita\/"},"modified":"2022-06-09T18:27:41","modified_gmt":"2022-06-09T18:27:41","slug":"controle-de-permeabilite","status":"publish","type":"page","link":"https:\/\/fortiscork.com\/fr\/controle-de-permeabilite\/","title":{"rendered":"CONTR\u00d4LE DE PERM\u00c9ABILIT\u00c9"},"content":{"rendered":"<p>[vc_row css_animation=\u00a0\u00bb\u00a0\u00bb row_type=\u00a0\u00bbrow\u00a0\u00bb use_row_as_full_screen_section=\u00a0\u00bbno\u00a0\u00bb type=\u00a0\u00bbfull_width\u00a0\u00bb angled_section=\u00a0\u00bbno\u00a0\u00bb text_align=\u00a0\u00bbleft\u00a0\u00bb background_image_as_pattern=\u00a0\u00bbwithout_pattern\u00a0\u00bb][vc_column width=\u00a0\u00bb1\/6&Prime;][\/vc_column][vc_column width=\u00a0\u00bb2\/3&Prime;][vc_separator type=\u00a0\u00bbtransparent\u00a0\u00bb down=\u00a0\u00bb75&Prime;][vc_column_text]<\/p>\n<h1 style=\"text-align: center;\">LA GESTION DE L&rsquo;OXYG\u00c8NE<\/h1>\n<p>[\/vc_column_text][vc_separator type=\u00a0\u00bbsmall\u00a0\u00bb position=\u00a0\u00bbcenter\u00a0\u00bb up=\u00a0\u00bb30&Prime; down=\u00a0\u00bb30&Prime;][vc_column_text]De nombreuses variables d\u00e9terminent l&rsquo;apport optimal d&rsquo;oxyg\u00e8ne que doit recevoir un vin pendant les diff\u00e9rentes phases du processus de vinification et d&#8217;embouteillage. Les variables les plus communes se r\u00e9f\u00e8rent \u00e0 la vari\u00e9t\u00e9 du raisin, \u00e0 l&rsquo;espace t\u00eate, au niveau de CO<sub>2<\/sub> pendant l&#8217;embouteillage ainsi qu&rsquo;\u00e0 l&rsquo;apport d&rsquo;oxyg\u00e8ne dissout pr\u00e9sent dans le vin. D&rsquo;autres variables \u00e9galement telles que la rotation du produit ou l&rsquo;\u00e9volution attendue dans la bouteille d\u00e9terminent quel type de perm\u00e9abilit\u00e9 est la meilleure pour chaque cas.<\/p>\n<p>&nbsp;<\/p>\n<p>Le contr\u00f4le de la densit\u00e9 individuelle de chaque bouchon garantit une parfaite homog\u00e9n\u00e9it\u00e9 des lots ce qui favorise la r\u00e9gularit\u00e9 pendant la cha\u00eene de bouchage, le d\u00e9bouchage par le consommateur et les caract\u00e9ristiques de perm\u00e9abilit\u00e9 homog\u00e8ne de chaque lot.[\/vc_column_text][vc_separator type=\u00a0\u00bbtransparent\u00a0\u00bb up=\u00a0\u00bb30&Prime; down=\u00a0\u00bb30&Prime;][vc_column_text css=\u00a0\u00bb.vc_custom_1496995397991{padding-bottom: 20px !important;}\u00a0\u00bb]<\/p>\n<h5 style=\"text-align: left;\"><span style=\"color: #ab0232;\">FORTIS\u00a0Vini<\/span><\/h5>\n<p>[\/vc_column_text][vc_column_text]Notre gamme <strong>FORTIS Vini<\/strong> offre trois types de perm\u00e9abilit\u00e9 tr\u00e8s homog\u00e8nes pour satisfaire les besoins de fermeture et d&rsquo;\u00e9volution de chaque vin en fonction de l&rsquo;int\u00e9r\u00eat de l&rsquo;oenologue. Nous mettons \u00e0 votre disposition la gamme <strong>Fortis Vini1, Fortis Vini2<\/strong> et<strong> Fortis Vini3<\/strong> toujours avec la garantie absolue BOUCHON \u00e0 BOUCHON d&rsquo;un niveau de TCA Non D\u00e9tectable. Notre technologie extractive nous permet de travailler avec des granulom\u00e9tries homog\u00e8nes et d&rsquo;assurer une quantit\u00e9 de li\u00e8ge toujours sup\u00e9rieure \u00e0 75% pour toutes les gammes.[\/vc_column_text][vc_separator type=\u00a0\u00bbtransparent\u00a0\u00bb up=\u00a0\u00bb30&Prime; down=\u00a0\u00bb30&Prime;][vc_column_text css=\u00a0\u00bb.vc_custom_1496995410075{padding-bottom: 20px !important;}\u00a0\u00bb]<\/p>\n<h5 style=\"text-align: left;\"><span style=\"color: #ab0232;\">FORTIS Spumante<\/span><\/h5>\n<p>[\/vc_column_text][vc_column_text]La gamme <strong>FORTIS Spumante<\/strong> offre deux versions de perm\u00e9abilit\u00e9s qui permettent d&rsquo;adapter le rendement du bouchon par rapport \u00e0 la gestion de l&rsquo;oxyg\u00e8ne pendant l&#8217;embouteillage. L&rsquo;Oxygen Transfer Rate (OTR) qu&rsquo;offrent <strong>FORTIS2<\/strong> et <strong>FORTIS3<\/strong> permet \u00e0 l&rsquo;oenologue d&rsquo;avoir une ma\u00eetrise directe de l&rsquo;\u00e9volution qu&rsquo;il souhaite pour chaque vin mousseux. Avec deux OTR diff\u00e9renci\u00e9s, la gamme <strong>FORTIS<\/strong> s&rsquo;adapte \u00e0 toutes sortes de vin mousseux, depuis ceux qui ont une rotation importante sur le march\u00e9 jusqu&rsquo;aux plus exigeants au niveau d&rsquo;une longue \u00e9volution en bouteille.[\/vc_column_text][vc_separator type=\u00a0\u00bbtransparent\u00a0\u00bb down=\u00a0\u00bb75&Prime;][vc_single_image image=\u00a0\u00bb612&Prime; img_size=\u00a0\u00bb1052&#215;476&Prime; alignment=\u00a0\u00bbcenter\u00a0\u00bb qode_css_animation=\u00a0\u00bb\u00a0\u00bb][\/vc_column][vc_column width=\u00a0\u00bb1\/6&Prime;][\/vc_column][\/vc_row]<\/p>\n","protected":false},"excerpt":{"rendered":"<p>[vc_row css_animation=\u00a0\u00bb\u00a0\u00bb row_type=\u00a0\u00bbrow\u00a0\u00bb use_row_as_full_screen_section=\u00a0\u00bbno\u00a0\u00bb type=\u00a0\u00bbfull_width\u00a0\u00bb angled_section=\u00a0\u00bbno\u00a0\u00bb text_align=\u00a0\u00bbleft\u00a0\u00bb background_image_as_pattern=\u00a0\u00bbwithout_pattern\u00a0\u00bb][vc_column width=\u00a0\u00bb1\/6&Prime;][\/vc_column][vc_column width=\u00a0\u00bb2\/3&Prime;][vc_separator type=\u00a0\u00bbtransparent\u00a0\u00bb down=\u00a0\u00bb75&Prime;][vc_column_text] LA GESTION DE L&rsquo;OXYG\u00c8NE [\/vc_column_text][vc_separator type=\u00a0\u00bbsmall\u00a0\u00bb position=\u00a0\u00bbcenter\u00a0\u00bb up=\u00a0\u00bb30&Prime; down=\u00a0\u00bb30&Prime;][vc_column_text]De nombreuses variables d\u00e9terminent l&rsquo;apport optimal d&rsquo;oxyg\u00e8ne que doit recevoir un vin pendant les diff\u00e9rentes phases du processus de vinification et d&#8217;embouteillage. Les variables les&#8230;<\/p>\n","protected":false},"author":5,"featured_media":0,"parent":0,"menu_order":0,"comment_status":"closed","ping_status":"closed","template":"full_width.php","meta":{"footnotes":""},"class_list":["post-878","page","type-page","status-publish","hentry"],"_links":{"self":[{"href":"https:\/\/fortiscork.com\/fr\/wp-json\/wp\/v2\/pages\/878","targetHints":{"allow":["GET"]}}],"collection":[{"href":"https:\/\/fortiscork.com\/fr\/wp-json\/wp\/v2\/pages"}],"about":[{"href":"https:\/\/fortiscork.com\/fr\/wp-json\/wp\/v2\/types\/page"}],"author":[{"embeddable":true,"href":"https:\/\/fortiscork.com\/fr\/wp-json\/wp\/v2\/users\/5"}],"replies":[{"embeddable":true,"href":"https:\/\/fortiscork.com\/fr\/wp-json\/wp\/v2\/comments?post=878"}],"version-history":[{"count":6,"href":"https:\/\/fortiscork.com\/fr\/wp-json\/wp\/v2\/pages\/878\/revisions"}],"predecessor-version":[{"id":895,"href":"https:\/\/fortiscork.com\/fr\/wp-json\/wp\/v2\/pages\/878\/revisions\/895"}],"wp:attachment":[{"href":"https:\/\/fortiscork.com\/fr\/wp-json\/wp\/v2\/media?parent=878"}],"curies":[{"name":"wp","href":"https:\/\/api.w.org\/{rel}","templated":true}]}}