{"id":870,"date":"2017-05-31T11:33:39","date_gmt":"2017-05-31T11:33:39","guid":{"rendered":"http:\/\/fortiscork.com\/tecnologia\/"},"modified":"2022-06-08T17:43:33","modified_gmt":"2022-06-08T17:43:33","slug":"technologie","status":"publish","type":"page","link":"https:\/\/fortiscork.com\/fr\/technologie\/","title":{"rendered":"TECHNOLOGIE"},"content":{"rendered":"<p>[vc_row css_animation=\u00a0\u00bb\u00a0\u00bb row_type=\u00a0\u00bbrow\u00a0\u00bb use_row_as_full_screen_section=\u00a0\u00bbno\u00a0\u00bb type=\u00a0\u00bbfull_width\u00a0\u00bb angled_section=\u00a0\u00bbno\u00a0\u00bb text_align=\u00a0\u00bbleft\u00a0\u00bb background_image_as_pattern=\u00a0\u00bbwithout_pattern\u00a0\u00bb][vc_column width=\u00a0\u00bb1\/6&Prime;][\/vc_column][vc_column width=\u00a0\u00bb2\/3&Prime;][vc_separator type=\u00a0\u00bbtransparent\u00a0\u00bb down=\u00a0\u00bb75&Prime;][vc_single_image image=\u00a0\u00bb261&Prime; img_size=\u00a0\u00bb310\u2006\u00d7\u200686&Prime; alignment=\u00a0\u00bbcenter\u00a0\u00bb qode_css_animation=\u00a0\u00bb\u00a0\u00bb][\/vc_column][vc_column width=\u00a0\u00bb1\/6&Prime;][\/vc_column][\/vc_row][vc_row css_animation=\u00a0\u00bb\u00a0\u00bb row_type=\u00a0\u00bbrow\u00a0\u00bb use_row_as_full_screen_section=\u00a0\u00bbno\u00a0\u00bb type=\u00a0\u00bbgrid\u00a0\u00bb angled_section=\u00a0\u00bbno\u00a0\u00bb text_align=\u00a0\u00bbleft\u00a0\u00bb background_image_as_pattern=\u00a0\u00bbwithout_pattern\u00a0\u00bb][vc_column][vc_separator type=\u00a0\u00bbsmall\u00a0\u00bb position=\u00a0\u00bbcenter\u00a0\u00bb up=\u00a0\u00bb30&Prime; down=\u00a0\u00bb30&Prime;][vc_column_text]<\/p>\n<h5 style=\"text-align: center;\">Le 2,4,6- trichloranisole (TCA) est une substance qui r\u00e9sulte de la d\u00e9gradation des trichloroph\u00e9nolS (TCP) provenant de l\u2019union des ph\u00e9nols pr\u00e9sents dans les particules du bouchon en rapport avec les particules de chlore dissoutes dans l\u2019air. Le TCA est \u00e0 l&rsquo;origine de l\u2019odeur et du \u00ab go\u00fbt de bouchon \u00bb ind\u00e9sirable du vin. Gr\u00e2ce \u00e0 la technologie THOR qui consiste \u00e0 traiter le granulat avec du CO<sub>2<\/sub> en \u00e9tat supercritique, nous sommes en mesure de garantir des niveaux de TCA au-dessous du niveau de Quantification de FA\u00c7ON INDIVIDUELLE.<\/h5>\n<p>[\/vc_column_text][vc_separator type=\u00a0\u00bbtransparent\u00a0\u00bb up=\u00a0\u00bb20&Prime;][vc_separator type=\u00a0\u00bbtransparent\u00a0\u00bb up=\u00a0\u00bb40&Prime; down=\u00a0\u00bb40&Prime;][vc_column_text]Le granulat de la gamme <strong>FORTIS<\/strong> est pr\u00e9par\u00e9 selon le proc\u00e9d\u00e9 de l&rsquo;extraction <strong>THOR TECHNOLOGIE<\/strong>. L&rsquo;extraction du TCA (trichloroanisole) est effectu\u00e9e \u00e0 partir de l&rsquo;application de CO<sub>2<\/sub> (dioxyde de carbone) en \u00e9tat supercritique. Le fluide supercritique soumis \u00e0 une pression et \u00e0 une temp\u00e9rature sup\u00e9rieures \u00e0 leur \u00ab\u00a0point critique\u00a0\u00bb se comporte comme un hybride; entre liquide et gaz. Le CO<sub>2<\/sub> dans cet \u00e9tat permet de r\u00e9pandre et d&rsquo;extraire les mol\u00e9cules ind\u00e9sirables du li\u00e8ge comme un gaz et de les dissoudre pour les entra\u00eener hors de la structure cellulaire comme un liquide. <strong>THOR TECHNOLOGIE<\/strong>, gr\u00e2ce \u00e0 l&rsquo;extraction \u00e0 partir du CO<sub>2<\/sub> en \u00e9tat supercritique, est une technologie unique, capable de garantir d&rsquo;une mani\u00e8re efficiente et totale l&rsquo;extraction des mol\u00e9cules ph\u00e9noliques du li\u00e8ge. C&rsquo;est ainsi que les bouchons <strong>FORTIS<\/strong> fabriqu\u00e9s avec du granulat trait\u00e9 selon la m\u00e9thode <strong>THOR TECHNOLOGIE<\/strong> assurent de fa\u00e7on individuelle, bouchon par bouchon, des valeurs de TCA extractible inf\u00e9rieures \u00e0 la limite de d\u00e9tection: 0,3 nanogrammes par Litre.[\/vc_column_text][vc_separator type=\u00a0\u00bbnormal\u00a0\u00bb up=\u00a0\u00bb50&Prime; down=\u00a0\u00bb50&Prime;][vc_column_text]<\/p>\n<h5 style=\"text-align: center;\"><span style=\"color: #ab0232;\">LES PRINCIPES DE LA TECHNOLOGIE THOR SONT:<\/span><\/h5>\n<p>[\/vc_column_text][vc_separator type=\u00a0\u00bbsmall\u00a0\u00bb position=\u00a0\u00bbcenter\u00a0\u00bb up=\u00a0\u00bb25&Prime; down=\u00a0\u00bb25&Prime;][vc_row_inner row_type=\u00a0\u00bbrow\u00a0\u00bb type=\u00a0\u00bbfull_width\u00a0\u00bb text_align=\u00a0\u00bbleft\u00a0\u00bb css_animation=\u00a0\u00bb\u00a0\u00bb][vc_column_inner width=\u00a0\u00bb1\/6&Prime;][\/vc_column_inner][vc_column_inner width=\u00a0\u00bb2\/6&Prime;][vc_column_text]<\/p>\n<h5 style=\"text-align: center;\"><\/h5>\n<h5 style=\"text-align: center;\">CIRCULATION DU CO<sub>2<\/sub> GR\u00c2CE \u00c0 UN SYST\u00c8ME DE POMPAGE AVEC UNE PRESSION MAXIMALE DE 350 BAR PERMETTANT LA CIRCULATION JUSQU&rsquo;\u00c0 6.000KG\/H DE CO<sub>2<\/sub>.<\/h5>\n<p>[\/vc_column_text][vc_separator type=\u00a0\u00bbtransparent\u00a0\u00bb up=\u00a0\u00bb20&Prime;][\/vc_column_inner][vc_column_inner width=\u00a0\u00bb2\/6&Prime;][vc_column_text]<\/p>\n<h5 style=\"text-align: center;\"><\/h5>\n<h5 style=\"text-align: center;\">R\u00c9CUP\u00c9RATION INT\u00c9GRALE DU CO<sub>2<\/sub> GR\u00c2CE \u00c0 UN PROCESSUS DE CRISTALLISATION.<\/h5>\n<p>[\/vc_column_text][vc_separator type=\u00a0\u00bbtransparent\u00a0\u00bb up=\u00a0\u00bb20&Prime;][\/vc_column_inner][vc_column_inner width=\u00a0\u00bb1\/6&Prime;][\/vc_column_inner][\/vc_row_inner][vc_separator type=\u00a0\u00bbnormal\u00a0\u00bb up=\u00a0\u00bb30&Prime; down=\u00a0\u00bb50&Prime;][vc_column_text]<strong>THOR TECHNOLOGIE<\/strong> permet, non seulement d&rsquo;extraire les mol\u00e9cules pr\u00e9curseurs du TCA mais aussi d&rsquo;autres mol\u00e9cules qui ont une influence sur le comportement sensoriel du bouchon, tels que le Guaiacol, le Cr\u00e9sol ou la Pyrazine. Ces mol\u00e9cules interf\u00e8rent sur la neutralit\u00e9 sensorielle souhait\u00e9e et gr\u00e2ce \u00e0 l&rsquo;extraction <strong>THOR<\/strong> elles sont r\u00e9duites \u00e0 des niveaux ind\u00e9tectables.<\/p>\n<p>&nbsp;<\/p>\n<p>Pour cette raison, la gamme de bouchons <strong>FORTIS THOR<\/strong> offre une neutralit\u00e9 sensorielle maximale et une r\u00e9gularit\u00e9 dans le comportement du bouchon ce qui permet une \u00e9volution en bouteille homog\u00e8ne et stable.[\/vc_column_text][vc_separator type=\u00a0\u00bbtransparent\u00a0\u00bb up=\u00a0\u00bb40&Prime; down=\u00a0\u00bb40&Prime;][\/vc_column][\/vc_row][vc_row css_animation=\u00a0\u00bb\u00a0\u00bb row_type=\u00a0\u00bbrow\u00a0\u00bb use_row_as_full_screen_section=\u00a0\u00bbno\u00a0\u00bb type=\u00a0\u00bbfull_width\u00a0\u00bb angled_section=\u00a0\u00bbno\u00a0\u00bb text_align=\u00a0\u00bbleft\u00a0\u00bb background_image_as_pattern=\u00a0\u00bbwithout_pattern\u00a0\u00bb][vc_column][vc_gallery type=\u00a0\u00bbimage_grid\u00a0\u00bb images=\u00a0\u00bb314,315,316,317&Prime; img_size=\u00a0\u00bb600&#215;600&Prime; column_number=\u00a0\u00bb4&Prime; grayscale=\u00a0\u00bbno\u00a0\u00bb images_space=\u00a0\u00bbgallery_without_space\u00a0\u00bb][\/vc_column][\/vc_row][vc_row css_animation=\u00a0\u00bb\u00a0\u00bb row_type=\u00a0\u00bbrow\u00a0\u00bb use_row_as_full_screen_section=\u00a0\u00bbno\u00a0\u00bb type=\u00a0\u00bbgrid\u00a0\u00bb angled_section=\u00a0\u00bbno\u00a0\u00bb text_align=\u00a0\u00bbleft\u00a0\u00bb background_image_as_pattern=\u00a0\u00bbwithout_pattern\u00a0\u00bb background_color=\u00a0\u00bb#f2f2f2&Prime;][vc_column][vc_separator type=\u00a0\u00bbtransparent\u00a0\u00bb up=\u00a0\u00bb50&Prime;][\/vc_column][\/vc_row][vc_row css_animation=\u00a0\u00bb\u00a0\u00bb row_type=\u00a0\u00bbrow\u00a0\u00bb use_row_as_full_screen_section=\u00a0\u00bbno\u00a0\u00bb type=\u00a0\u00bbfull_width\u00a0\u00bb angled_section=\u00a0\u00bbno\u00a0\u00bb text_align=\u00a0\u00bbleft\u00a0\u00bb background_image_as_pattern=\u00a0\u00bbwithout_pattern\u00a0\u00bb background_color=\u00a0\u00bb#f2f2f2&Prime;][vc_column width=\u00a0\u00bb1\/6&Prime;][\/vc_column][vc_column width=\u00a0\u00bb2\/6&Prime;][vc_separator type=\u00a0\u00bbtransparent\u00a0\u00bb up=\u00a0\u00bb75&Prime;][vc_column_text]<\/p>\n<h5 style=\"text-align: left;\"><span style=\"color: #000000;\">GRAPHIQUE DES R\u00c9SULTATS PR\u00c9 ET POST TRAITEMENT THOR.<\/span><\/h5>\n<p>[\/vc_column_text][vc_separator type=\u00a0\u00bbtransparent\u00a0\u00bb up=\u00a0\u00bb15&Prime;][vc_single_image image=\u00a0\u00bb294&Prime; img_size=\u00a0\u00bb1000&#215;547&Prime; onclick=\u00a0\u00bblink_image\u00a0\u00bb qode_css_animation=\u00a0\u00bb\u00a0\u00bb][vc_separator type=\u00a0\u00bbtransparent\u00a0\u00bb up=\u00a0\u00bb50&Prime; down=\u00a0\u00bb50&Prime;][\/vc_column][vc_column width=\u00a0\u00bb2\/6&Prime;][vc_separator type=\u00a0\u00bbtransparent\u00a0\u00bb up=\u00a0\u00bb75&Prime;][vc_column_text]<\/p>\n<h5 style=\"text-align: left;\"><span style=\"color: #000000;\">TABLE R\u00c9SUM\u00c9 DES ANALYSES DE L&rsquo;EXTRACTION AVEC THOR TECHNOLOGIE.<\/span><\/h5>\n<p>[\/vc_column_text][vc_separator type=\u00a0\u00bbtransparent\u00a0\u00bb up=\u00a0\u00bb15&Prime;][vc_single_image image=\u00a0\u00bb301&Prime; img_size=\u00a0\u00bb1000&#215;344&Prime; onclick=\u00a0\u00bblink_image\u00a0\u00bb qode_css_animation=\u00a0\u00bb\u00a0\u00bb][vc_separator type=\u00a0\u00bbtransparent\u00a0\u00bb up=\u00a0\u00bb50&Prime; down=\u00a0\u00bb50&Prime;][\/vc_column][vc_column width=\u00a0\u00bb1\/6&Prime;][\/vc_column][\/vc_row][vc_row css_animation=\u00a0\u00bb\u00a0\u00bb row_type=\u00a0\u00bbrow\u00a0\u00bb use_row_as_full_screen_section=\u00a0\u00bbno\u00a0\u00bb type=\u00a0\u00bbgrid\u00a0\u00bb angled_section=\u00a0\u00bbno\u00a0\u00bb text_align=\u00a0\u00bbleft\u00a0\u00bb background_image_as_pattern=\u00a0\u00bbwithout_pattern\u00a0\u00bb background_color=\u00a0\u00bb#f2f2f2&Prime;][vc_column][vc_column_text]La gamme <strong>FORTIS<\/strong> trait\u00e9e avec <strong>THOR TECHNOLOGIE<\/strong> garantit que le travail r\u00e9alis\u00e9 dans la vigne et dans le cellier demeure inalt\u00e9rable jusqu&rsquo;au consommateur final qui jouira de chaque bouteille dans son \u00e9tat optimal. [\/vc_column_text][vc_separator type=\u00a0\u00bbtransparent\u00a0\u00bb up=\u00a0\u00bb60&Prime; down=\u00a0\u00bb30&Prime;][\/vc_column][\/vc_row][vc_row css_animation=\u00a0\u00bb\u00a0\u00bb row_type=\u00a0\u00bbrow\u00a0\u00bb use_row_as_full_screen_section=\u00a0\u00bbno\u00a0\u00bb type=\u00a0\u00bbfull_width\u00a0\u00bb angled_section=\u00a0\u00bbno\u00a0\u00bb text_align=\u00a0\u00bbleft\u00a0\u00bb background_image_as_pattern=\u00a0\u00bbwithout_pattern\u00a0\u00bb background_color=\u00a0\u00bb#f2f2f2&Prime;][vc_column][\/vc_column][\/vc_row]<\/p>\n","protected":false},"excerpt":{"rendered":"<p>[vc_row css_animation=\u00a0\u00bb\u00a0\u00bb row_type=\u00a0\u00bbrow\u00a0\u00bb use_row_as_full_screen_section=\u00a0\u00bbno\u00a0\u00bb type=\u00a0\u00bbfull_width\u00a0\u00bb angled_section=\u00a0\u00bbno\u00a0\u00bb text_align=\u00a0\u00bbleft\u00a0\u00bb background_image_as_pattern=\u00a0\u00bbwithout_pattern\u00a0\u00bb][vc_column width=\u00a0\u00bb1\/6&Prime;][\/vc_column][vc_column width=\u00a0\u00bb2\/3&Prime;][vc_separator type=\u00a0\u00bbtransparent\u00a0\u00bb down=\u00a0\u00bb75&Prime;][vc_single_image image=\u00a0\u00bb261&Prime; img_size=\u00a0\u00bb310\u2006\u00d7\u200686&Prime; alignment=\u00a0\u00bbcenter\u00a0\u00bb qode_css_animation=\u00a0\u00bb\u00a0\u00bb][\/vc_column][vc_column width=\u00a0\u00bb1\/6&Prime;][\/vc_column][\/vc_row][vc_row css_animation=\u00a0\u00bb\u00a0\u00bb row_type=\u00a0\u00bbrow\u00a0\u00bb use_row_as_full_screen_section=\u00a0\u00bbno\u00a0\u00bb type=\u00a0\u00bbgrid\u00a0\u00bb angled_section=\u00a0\u00bbno\u00a0\u00bb text_align=\u00a0\u00bbleft\u00a0\u00bb background_image_as_pattern=\u00a0\u00bbwithout_pattern\u00a0\u00bb][vc_column][vc_separator type=\u00a0\u00bbsmall\u00a0\u00bb position=\u00a0\u00bbcenter\u00a0\u00bb up=\u00a0\u00bb30&Prime; down=\u00a0\u00bb30&Prime;][vc_column_text] Le 2,4,6- trichloranisole (TCA) est une substance qui r\u00e9sulte de la d\u00e9gradation des trichloroph\u00e9nolS (TCP) provenant de&#8230;<\/p>\n","protected":false},"author":5,"featured_media":0,"parent":0,"menu_order":0,"comment_status":"closed","ping_status":"closed","template":"full_width.php","meta":{"footnotes":""},"class_list":["post-870","page","type-page","status-publish","hentry"],"_links":{"self":[{"href":"https:\/\/fortiscork.com\/fr\/wp-json\/wp\/v2\/pages\/870","targetHints":{"allow":["GET"]}}],"collection":[{"href":"https:\/\/fortiscork.com\/fr\/wp-json\/wp\/v2\/pages"}],"about":[{"href":"https:\/\/fortiscork.com\/fr\/wp-json\/wp\/v2\/types\/page"}],"author":[{"embeddable":true,"href":"https:\/\/fortiscork.com\/fr\/wp-json\/wp\/v2\/users\/5"}],"replies":[{"embeddable":true,"href":"https:\/\/fortiscork.com\/fr\/wp-json\/wp\/v2\/comments?post=870"}],"version-history":[{"count":4,"href":"https:\/\/fortiscork.com\/fr\/wp-json\/wp\/v2\/pages\/870\/revisions"}],"predecessor-version":[{"id":874,"href":"https:\/\/fortiscork.com\/fr\/wp-json\/wp\/v2\/pages\/870\/revisions\/874"}],"wp:attachment":[{"href":"https:\/\/fortiscork.com\/fr\/wp-json\/wp\/v2\/media?parent=870"}],"curies":[{"name":"wp","href":"https:\/\/api.w.org\/{rel}","templated":true}]}}