{"id":858,"date":"2017-05-30T13:46:45","date_gmt":"2017-05-30T13:46:45","guid":{"rendered":"http:\/\/fortiscork.com\/gama\/"},"modified":"2022-06-08T17:46:14","modified_gmt":"2022-06-08T17:46:14","slug":"gamme","status":"publish","type":"page","link":"https:\/\/fortiscork.com\/fr\/gamme\/","title":{"rendered":"GAMME"},"content":{"rendered":"<p>[vc_row css_animation=\u00a0\u00bb\u00a0\u00bb row_type=\u00a0\u00bbrow\u00a0\u00bb use_row_as_full_screen_section=\u00a0\u00bbno\u00a0\u00bb type=\u00a0\u00bbfull_width\u00a0\u00bb angled_section=\u00a0\u00bbno\u00a0\u00bb text_align=\u00a0\u00bbleft\u00a0\u00bb background_image_as_pattern=\u00a0\u00bbwithout_pattern\u00a0\u00bb][vc_column width=\u00a0\u00bb1\/6&Prime;][\/vc_column][vc_column width=\u00a0\u00bb2\/3&Prime;][vc_separator type=\u00a0\u00bbtransparent\u00a0\u00bb down=\u00a0\u00bb75&Prime;][vc_column_text]<\/p>\n<h1 style=\"text-align: center;\">GAMME DE BOUCHONS FORTIS<\/h1>\n<p>[\/vc_column_text][vc_separator type=\u00a0\u00bbsmall\u00a0\u00bb position=\u00a0\u00bbcenter\u00a0\u00bb up=\u00a0\u00bb30&Prime; down=\u00a0\u00bb30&Prime;][vc_column_text]La gamme <strong>FORTIS<\/strong> a \u00e9t\u00e9 con\u00e7ue pour remplir les conditions requises relatives \u00e0 l\u2019\u00e9laboration du vin correspondant \u00e0 l\u2019\u0153nologie du XXI si\u00e8cle. Face \u00e0 un consommateur chaque fois plus exigeant et une demande de qualit\u00e9 optimale du vin, la gamme <strong>FORTIS<\/strong> s&rsquo;est mise \u00e0 la disposition des celliers pour apporter consistance et homog\u00e9n\u00e9it\u00e9 \u00e0 chaque bouteille.<\/p>\n<p>&nbsp;<\/p>\n<p><strong>FORTIS<\/strong> pr\u00e9sente sa gamme de produits: <strong>FORTIS, FORTIS2, FORTIS3<\/strong> et <strong>FORTISDUO<\/strong> pour les vins mousseux; et la ligne <strong>FORTIS Vini<\/strong> et <strong>FORTIS Vini1, 2<\/strong> et <strong>3<\/strong> pour les vins tranquilles. Avec ces cat\u00e9gories de produit, la gamme <strong>FORTIS<\/strong> couvre tout l&rsquo;\u00e9ventail des besoins du bouchage dans le cellier.<\/p>\n<p>&nbsp;<\/p>\n<p>La gamme <strong>FORTIS<\/strong> se fabrique \u00e0 partir de granulat de li\u00e8ge moul\u00e9 de fa\u00e7on individuelle \u00e0 partir de la plus haute technologie. C&rsquo;est ainsi que l&rsquo;on peut garantir que chaque bouchon pr\u00e9sente des param\u00e8tres physico-m\u00e9caniques identiques, lot par lot. Cette homog\u00e9n\u00e9it\u00e9 se traduit par une r\u00e9gularit\u00e9 et fluidit\u00e9 pendant l&#8217;embouteillage et permet une \u00e9volution stable en bouteille.<\/p>\n<p>&nbsp;<\/p>\n<p>La gamme <strong>FORTIS<\/strong> se pr\u00e9sente sous diff\u00e9rentes formes de composition de granulats afin de s&rsquo;adapter aux besoins du cellier du point de vue technique et sensoriel.[\/vc_column_text][vc_separator type=\u00a0\u00bbtransparent\u00a0\u00bb down=\u00a0\u00bb75&Prime;][\/vc_column][vc_column width=\u00a0\u00bb1\/6&Prime;][\/vc_column][\/vc_row][vc_row css_animation=\u00a0\u00bb\u00a0\u00bb row_type=\u00a0\u00bbrow\u00a0\u00bb use_row_as_full_screen_section=\u00a0\u00bbno\u00a0\u00bb type=\u00a0\u00bbfull_width\u00a0\u00bb angled_section=\u00a0\u00bbno\u00a0\u00bb text_align=\u00a0\u00bbleft\u00a0\u00bb background_image_as_pattern=\u00a0\u00bbwithout_pattern\u00a0\u00bb background_color=\u00a0\u00bb#f2f2f2&Prime;][vc_column][vc_separator type=\u00a0\u00bbtransparent\u00a0\u00bb up=\u00a0\u00bb100&Prime;][vc_column_text]<\/p>\n<h6 style=\"text-align: center;\"><span style=\"color: #000000;\">BOUCHON VIN<\/span><\/h6>\n<h2 style=\"text-align: center;\"><span style=\"color: #ab0232;\">TRANQUILLE<\/span><\/h2>\n<p>[\/vc_column_text][vc_separator type=\u00a0\u00bbtransparent\u00a0\u00bb up=\u00a0\u00bb100&Prime;][vc_row_inner row_type=\u00a0\u00bbrow\u00a0\u00bb type=\u00a0\u00bbgrid\u00a0\u00bb text_align=\u00a0\u00bbcenter\u00a0\u00bb css_animation=\u00a0\u00bb\u00a0\u00bb][vc_column_inner width=\u00a0\u00bb1\/4&Prime;][vc_single_image image=\u00a0\u00bb556&Prime; img_size=\u00a0\u00bb244&#215;400&Prime; alignment=\u00a0\u00bbcenter\u00a0\u00bb qode_css_animation=\u00a0\u00bb\u00a0\u00bb][vc_column_text][\/vc_column_text][vc_separator type=\u00a0\u00bbtransparent\u00a0\u00bb up=\u00a0\u00bb20&Prime;]<a  itemprop=\"url\" href=\"http:\/\/fortiscork.com\/wp-content\/uploads\/2017\/07\/fortis_vini_thor.pdf\" target=\"_blank\" data-hover-background-color=#ffffff data-hover-border-color=#000000 data-hover-color=#0a0a0a class=\"qbutton  small default\" style=\"color: #ffffff; border-color: #0a0a0a; background-color: #0a0a0a;\">VOIR FICHE<\/a>[vc_separator type=\u00a0\u00bbtransparent\u00a0\u00bb up=\u00a0\u00bb45&Prime;][\/vc_column_inner][vc_column_inner width=\u00a0\u00bb1\/4&Prime;][vc_single_image image=\u00a0\u00bb559&Prime; img_size=\u00a0\u00bb244&#215;400&Prime; alignment=\u00a0\u00bbcenter\u00a0\u00bb qode_css_animation=\u00a0\u00bb\u00a0\u00bb][vc_column_text][\/vc_column_text][vc_separator type=\u00a0\u00bbtransparent\u00a0\u00bb up=\u00a0\u00bb20&Prime;]<a  itemprop=\"url\" href=\"http:\/\/fortiscork.com\/wp-content\/uploads\/2017\/07\/fortis_vini_thor.pdf\" target=\"_blank\" data-hover-background-color=#ffffff data-hover-border-color=#000000 data-hover-color=#0a0a0a class=\"qbutton  small default\" style=\"color: #ffffff; border-color: #0a0a0a; background-color: #0a0a0a;\">VOIR FICHE<\/a>[vc_separator type=\u00a0\u00bbtransparent\u00a0\u00bb up=\u00a0\u00bb45&Prime;][\/vc_column_inner][vc_column_inner width=\u00a0\u00bb1\/4&Prime;][vc_single_image image=\u00a0\u00bb563&Prime; img_size=\u00a0\u00bb244&#215;400&Prime; alignment=\u00a0\u00bbcenter\u00a0\u00bb qode_css_animation=\u00a0\u00bb\u00a0\u00bb][vc_column_text][\/vc_column_text][vc_separator type=\u00a0\u00bbtransparent\u00a0\u00bb up=\u00a0\u00bb20&Prime;]<a  itemprop=\"url\" href=\"http:\/\/fortiscork.com\/wp-content\/uploads\/2017\/07\/fortis_vini_thor.pdf\" target=\"_blank\" data-hover-background-color=#ffffff data-hover-border-color=#000000 data-hover-color=#0a0a0a class=\"qbutton  small default\" style=\"color: #ffffff; border-color: #0a0a0a; background-color: #0a0a0a;\">VOIR FICHE<\/a>[vc_separator type=\u00a0\u00bbtransparent\u00a0\u00bb up=\u00a0\u00bb45&Prime;][\/vc_column_inner][vc_column_inner width=\u00a0\u00bb1\/4&Prime;][vc_single_image image=\u00a0\u00bb572&Prime; img_size=\u00a0\u00bb244&#215;400&Prime; alignment=\u00a0\u00bbcenter\u00a0\u00bb qode_css_animation=\u00a0\u00bb\u00a0\u00bb][vc_column_text][\/vc_column_text][vc_separator type=\u00a0\u00bbtransparent\u00a0\u00bb up=\u00a0\u00bb20&Prime;]<a  itemprop=\"url\" href=\"http:\/\/fortiscork.com\/wp-content\/uploads\/2017\/07\/fortis_vini_effitec.pdf\" target=\"_blank\" data-hover-background-color=#ffffff data-hover-border-color=#000000 data-hover-color=#0a0a0a class=\"qbutton  small default\" style=\"color: #ffffff; border-color: #0a0a0a; background-color: #0a0a0a;\">VOIR FICHE<\/a>[vc_separator type=\u00a0\u00bbtransparent\u00a0\u00bb up=\u00a0\u00bb45&Prime;][\/vc_column_inner][\/vc_row_inner][vc_row_inner row_type=\u00a0\u00bbrow\u00a0\u00bb type=\u00a0\u00bbgrid\u00a0\u00bb text_align=\u00a0\u00bbcenter\u00a0\u00bb css_animation=\u00a0\u00bb\u00a0\u00bb][vc_column_inner width=\u00a0\u00bb1\/4&Prime;][vc_single_image image=\u00a0\u00bb571&Prime; img_size=\u00a0\u00bb244&#215;400&Prime; alignment=\u00a0\u00bbcenter\u00a0\u00bb qode_css_animation=\u00a0\u00bb\u00a0\u00bb][vc_column_text][\/vc_column_text][vc_separator type=\u00a0\u00bbtransparent\u00a0\u00bb up=\u00a0\u00bb20&Prime;]<a  itemprop=\"url\" href=\"http:\/\/fortiscork.com\/wp-content\/uploads\/2017\/07\/fortis_vini_plus_effitec.pdf\" target=\"_blank\" data-hover-background-color=#ffffff data-hover-border-color=#000000 data-hover-color=#0a0a0a class=\"qbutton  small default\" style=\"color: #ffffff; border-color: #0a0a0a; background-color: #0a0a0a;\">VOIR FICHE<\/a>[vc_separator type=\u00a0\u00bbtransparent\u00a0\u00bb up=\u00a0\u00bb45&Prime;][\/vc_column_inner][vc_column_inner width=\u00a0\u00bb1\/4&Prime;][\/vc_column_inner][vc_column_inner width=\u00a0\u00bb1\/4&Prime;][\/vc_column_inner][vc_column_inner width=\u00a0\u00bb1\/4&Prime;][\/vc_column_inner][\/vc_row_inner][vc_separator type=\u00a0\u00bbtransparent\u00a0\u00bb up=\u00a0\u00bb50&Prime;][\/vc_column][\/vc_row][vc_row css_animation=\u00a0\u00bb\u00a0\u00bb row_type=\u00a0\u00bbrow\u00a0\u00bb use_row_as_full_screen_section=\u00a0\u00bbno\u00a0\u00bb type=\u00a0\u00bbfull_width\u00a0\u00bb angled_section=\u00a0\u00bbno\u00a0\u00bb text_align=\u00a0\u00bbleft\u00a0\u00bb background_image_as_pattern=\u00a0\u00bbwithout_pattern\u00a0\u00bb background_color=\u00a0\u00bb#ffffff\u00a0\u00bb][vc_column][vc_separator type=\u00a0\u00bbtransparent\u00a0\u00bb up=\u00a0\u00bb100&Prime;][vc_column_text]<\/p>\n<h6 style=\"text-align: center;\"><span style=\"color: #000000;\">BOUCHON VIN<\/span><\/h6>\n<h2 style=\"text-align: center;\"><span style=\"color: #ab0232;\">MOUSSEUX<\/span><\/h2>\n<p>[\/vc_column_text][vc_separator type=\u00a0\u00bbtransparent\u00a0\u00bb up=\u00a0\u00bb100&Prime;][vc_row_inner row_type=\u00a0\u00bbrow\u00a0\u00bb type=\u00a0\u00bbgrid\u00a0\u00bb text_align=\u00a0\u00bbcenter\u00a0\u00bb css_animation=\u00a0\u00bb\u00a0\u00bb][vc_column_inner width=\u00a0\u00bb1\/4&Prime;][vc_single_image image=\u00a0\u00bb500&Prime; img_size=\u00a0\u00bb244&#215;400&Prime; alignment=\u00a0\u00bbcenter\u00a0\u00bb qode_css_animation=\u00a0\u00bb\u00a0\u00bb][vc_column_text][\/vc_column_text][vc_separator type=\u00a0\u00bbtransparent\u00a0\u00bb up=\u00a0\u00bb20&Prime;]<a  itemprop=\"url\" href=\"http:\/\/fortiscork.com\/wp-content\/uploads\/2017\/07\/fortis_effitec.pdf\" target=\"_blank\" data-hover-background-color=#ffffff data-hover-border-color=#000000 data-hover-color=#0a0a0a class=\"qbutton  small default\" style=\"color: #ffffff; border-color: #0a0a0a; background-color: #0a0a0a;\">VOIR FICHE<\/a>[vc_separator type=\u00a0\u00bbtransparent\u00a0\u00bb up=\u00a0\u00bb45&Prime;][\/vc_column_inner][vc_column_inner width=\u00a0\u00bb1\/4&Prime;][vc_single_image image=\u00a0\u00bb579&Prime; img_size=\u00a0\u00bb244&#215;400&Prime; alignment=\u00a0\u00bbcenter\u00a0\u00bb qode_css_animation=\u00a0\u00bb\u00a0\u00bb][vc_column_text][\/vc_column_text][vc_separator type=\u00a0\u00bbtransparent\u00a0\u00bb up=\u00a0\u00bb20&Prime;]<a  itemprop=\"url\" href=\"http:\/\/fortiscork.com\/wp-content\/uploads\/2017\/07\/fortis_plus_effitec.pdf\" target=\"_blank\" data-hover-background-color=#ffffff data-hover-border-color=#000000 data-hover-color=#0a0a0a class=\"qbutton  small default\" style=\"color: #ffffff; border-color: #0a0a0a; background-color: #0a0a0a;\">VOIR FICHE<\/a>[vc_separator type=\u00a0\u00bbtransparent\u00a0\u00bb up=\u00a0\u00bb45&Prime;][\/vc_column_inner][vc_column_inner width=\u00a0\u00bb1\/4&Prime;][vc_single_image image=\u00a0\u00bb582&Prime; img_size=\u00a0\u00bb244&#215;400&Prime; alignment=\u00a0\u00bbcenter\u00a0\u00bb qode_css_animation=\u00a0\u00bb\u00a0\u00bb][vc_column_text][\/vc_column_text][vc_separator type=\u00a0\u00bbtransparent\u00a0\u00bb up=\u00a0\u00bb20&Prime;]<a  itemprop=\"url\" href=\"http:\/\/fortiscork.com\/wp-content\/uploads\/2017\/07\/fortis_thor.pdf\" target=\"_blank\" data-hover-background-color=#ffffff data-hover-border-color=#000000 data-hover-color=#0a0a0a class=\"qbutton  small default\" style=\"color: #ffffff; border-color: #0a0a0a; background-color: #0a0a0a;\">VOIR FICHE<\/a>[vc_separator type=\u00a0\u00bbtransparent\u00a0\u00bb up=\u00a0\u00bb45&Prime;][\/vc_column_inner][vc_column_inner width=\u00a0\u00bb1\/4&Prime;][vc_single_image image=\u00a0\u00bb585&Prime; img_size=\u00a0\u00bb244&#215;400&Prime; alignment=\u00a0\u00bbcenter\u00a0\u00bb qode_css_animation=\u00a0\u00bb\u00a0\u00bb][vc_column_text][\/vc_column_text][vc_separator type=\u00a0\u00bbtransparent\u00a0\u00bb up=\u00a0\u00bb20&Prime;]<a  itemprop=\"url\" href=\"http:\/\/fortiscork.com\/wp-content\/uploads\/2017\/07\/fortis_thor.pdf\" target=\"_blank\" data-hover-background-color=#ffffff data-hover-border-color=#000000 data-hover-color=#0a0a0a class=\"qbutton  small default\" style=\"color: #ffffff; border-color: #0a0a0a; background-color: #0a0a0a;\">VOIR FICHE<\/a>[vc_separator type=\u00a0\u00bbtransparent\u00a0\u00bb up=\u00a0\u00bb45&Prime;][\/vc_column_inner][\/vc_row_inner][vc_row_inner row_type=\u00a0\u00bbrow\u00a0\u00bb type=\u00a0\u00bbgrid\u00a0\u00bb text_align=\u00a0\u00bbcenter\u00a0\u00bb css_animation=\u00a0\u00bb\u00a0\u00bb][vc_column_inner width=\u00a0\u00bb1\/4&Prime;][vc_single_image image=\u00a0\u00bb589&Prime; img_size=\u00a0\u00bb244&#215;400&Prime; alignment=\u00a0\u00bbcenter\u00a0\u00bb qode_css_animation=\u00a0\u00bb\u00a0\u00bb][vc_column_text][\/vc_column_text][vc_separator type=\u00a0\u00bbtransparent\u00a0\u00bb up=\u00a0\u00bb20&Prime;]<a  itemprop=\"url\" href=\"http:\/\/fortiscork.com\/wp-content\/uploads\/2017\/07\/fortis_duo_effitec.pdf\" target=\"_blank\" data-hover-background-color=#ffffff data-hover-border-color=#000000 data-hover-color=#0a0a0a class=\"qbutton  small default\" style=\"color: #ffffff; border-color: #0a0a0a; background-color: #0a0a0a;\">VOIR FICHE<\/a>[vc_separator type=\u00a0\u00bbtransparent\u00a0\u00bb up=\u00a0\u00bb45&Prime;][\/vc_column_inner][vc_column_inner width=\u00a0\u00bb1\/4&Prime;][vc_single_image image=\u00a0\u00bb592&Prime; img_size=\u00a0\u00bb244&#215;400&Prime; alignment=\u00a0\u00bbcenter\u00a0\u00bb qode_css_animation=\u00a0\u00bb\u00a0\u00bb][vc_column_text][\/vc_column_text][vc_separator type=\u00a0\u00bbtransparent\u00a0\u00bb up=\u00a0\u00bb20&Prime;]<a  itemprop=\"url\" href=\"http:\/\/fortiscork.com\/wp-content\/uploads\/2017\/07\/fortis_duo_plus_effitec.pdf\" target=\"_blank\" data-hover-background-color=#ffffff data-hover-border-color=#000000 data-hover-color=#0a0a0a class=\"qbutton  small default\" style=\"color: #ffffff; border-color: #0a0a0a; background-color: #0a0a0a;\">VOIR FICHE<\/a>[vc_separator type=\u00a0\u00bbtransparent\u00a0\u00bb up=\u00a0\u00bb45&Prime;][\/vc_column_inner][vc_column_inner width=\u00a0\u00bb1\/4&Prime;][vc_single_image image=\u00a0\u00bb595&Prime; img_size=\u00a0\u00bb244&#215;400&Prime; alignment=\u00a0\u00bbcenter\u00a0\u00bb qode_css_animation=\u00a0\u00bb\u00a0\u00bb][vc_column_text][\/vc_column_text][vc_separator type=\u00a0\u00bbtransparent\u00a0\u00bb up=\u00a0\u00bb20&Prime;]<a  itemprop=\"url\" href=\"http:\/\/fortiscork.com\/wp-content\/uploads\/2017\/07\/fortis_duo_thor.pdf\" target=\"_blank\" data-hover-background-color=#ffffff data-hover-border-color=#000000 data-hover-color=#0a0a0a class=\"qbutton  small default\" style=\"color: #ffffff; border-color: #0a0a0a; background-color: #0a0a0a;\">VOIR FICHE<\/a>[vc_separator type=\u00a0\u00bbtransparent\u00a0\u00bb up=\u00a0\u00bb45&Prime;][\/vc_column_inner][vc_column_inner width=\u00a0\u00bb1\/4&Prime;][vc_single_image image=\u00a0\u00bb627&Prime; img_size=\u00a0\u00bb244&#215;400&Prime; alignment=\u00a0\u00bbcenter\u00a0\u00bb qode_css_animation=\u00a0\u00bb\u00a0\u00bb][vc_column_text][\/vc_column_text][vc_separator type=\u00a0\u00bbtransparent\u00a0\u00bb up=\u00a0\u00bb20&Prime;]<a  itemprop=\"url\" href=\"http:\/\/fortiscork.com\/wp-content\/uploads\/2018\/02\/fortis_fitxa_02.pdf\" target=\"_blank\" data-hover-background-color=#ffffff data-hover-border-color=#000000 data-hover-color=#0a0a0a class=\"qbutton  small default\" style=\"color: #ffffff; border-color: #0a0a0a; background-color: #0a0a0a;\">VOIR FICHE<\/a>[vc_separator type=\u00a0\u00bbtransparent\u00a0\u00bb up=\u00a0\u00bb45&Prime;][\/vc_column_inner][\/vc_row_inner][vc_separator type=\u00a0\u00bbtransparent\u00a0\u00bb up=\u00a0\u00bb50&Prime;][\/vc_column][\/vc_row]<\/p>\n","protected":false},"excerpt":{"rendered":"<p>[vc_row css_animation=\u00a0\u00bb\u00a0\u00bb row_type=\u00a0\u00bbrow\u00a0\u00bb use_row_as_full_screen_section=\u00a0\u00bbno\u00a0\u00bb type=\u00a0\u00bbfull_width\u00a0\u00bb angled_section=\u00a0\u00bbno\u00a0\u00bb text_align=\u00a0\u00bbleft\u00a0\u00bb background_image_as_pattern=\u00a0\u00bbwithout_pattern\u00a0\u00bb][vc_column width=\u00a0\u00bb1\/6&Prime;][\/vc_column][vc_column width=\u00a0\u00bb2\/3&Prime;][vc_separator type=\u00a0\u00bbtransparent\u00a0\u00bb down=\u00a0\u00bb75&Prime;][vc_column_text] GAMME DE BOUCHONS FORTIS [\/vc_column_text][vc_separator type=\u00a0\u00bbsmall\u00a0\u00bb position=\u00a0\u00bbcenter\u00a0\u00bb up=\u00a0\u00bb30&Prime; down=\u00a0\u00bb30&Prime;][vc_column_text]La gamme FORTIS a \u00e9t\u00e9 con\u00e7ue pour remplir les conditions requises relatives \u00e0 l\u2019\u00e9laboration du vin correspondant \u00e0 l\u2019\u0153nologie du XXI si\u00e8cle. Face \u00e0 un&#8230;<\/p>\n","protected":false},"author":5,"featured_media":0,"parent":0,"menu_order":0,"comment_status":"closed","ping_status":"closed","template":"full_width.php","meta":{"footnotes":""},"class_list":["post-858","page","type-page","status-publish","hentry"],"_links":{"self":[{"href":"https:\/\/fortiscork.com\/fr\/wp-json\/wp\/v2\/pages\/858","targetHints":{"allow":["GET"]}}],"collection":[{"href":"https:\/\/fortiscork.com\/fr\/wp-json\/wp\/v2\/pages"}],"about":[{"href":"https:\/\/fortiscork.com\/fr\/wp-json\/wp\/v2\/types\/page"}],"author":[{"embeddable":true,"href":"https:\/\/fortiscork.com\/fr\/wp-json\/wp\/v2\/users\/5"}],"replies":[{"embeddable":true,"href":"https:\/\/fortiscork.com\/fr\/wp-json\/wp\/v2\/comments?post=858"}],"version-history":[{"count":6,"href":"https:\/\/fortiscork.com\/fr\/wp-json\/wp\/v2\/pages\/858\/revisions"}],"predecessor-version":[{"id":876,"href":"https:\/\/fortiscork.com\/fr\/wp-json\/wp\/v2\/pages\/858\/revisions\/876"}],"wp:attachment":[{"href":"https:\/\/fortiscork.com\/fr\/wp-json\/wp\/v2\/media?parent=858"}],"curies":[{"name":"wp","href":"https:\/\/api.w.org\/{rel}","templated":true}]}}