{"id":852,"date":"2017-06-12T15:42:52","date_gmt":"2017-06-12T15:42:52","guid":{"rendered":"http:\/\/fortiscork.com\/home\/"},"modified":"2022-06-08T18:27:54","modified_gmt":"2022-06-08T18:27:54","slug":"home","status":"publish","type":"page","link":"https:\/\/fortiscork.com\/fr\/","title":{"rendered":"ACCUEIL"},"content":{"rendered":"<p>[vc_row css_animation=\u00a0\u00bb\u00a0\u00bb row_type=\u00a0\u00bbrow\u00a0\u00bb use_row_as_full_screen_section=\u00a0\u00bbno\u00a0\u00bb type=\u00a0\u00bbgrid\u00a0\u00bb anchor=\u00a0\u00bbtechnology\u00a0\u00bb angled_section=\u00a0\u00bbno\u00a0\u00bb text_align=\u00a0\u00bbleft\u00a0\u00bb background_image=\u00a0\u00bb157&Prime; background_image_as_pattern=\u00a0\u00bbwithout_pattern\u00a0\u00bb][vc_column offset=\u00a0\u00bbvc_col-lg-6 vc_col-md-6&Prime; css=\u00a0\u00bb.vc_custom_1496136918247{padding-top: 18% !important;}\u00a0\u00bb][vc_column_text]<\/p>\n<h2><span style=\"color: #ffffff;\">BOUCHONS FORTIS<\/span><\/h2>\n<p>[\/vc_column_text][vc_separator type=\u00a0\u00bbsmall\u00a0\u00bb position=\u00a0\u00bbleft\u00a0\u00bb color=\u00a0\u00bb#ffffff\u00a0\u00bb thickness=\u00a0\u00bb2&Prime; up=\u00a0\u00bb24&Prime; down=\u00a0\u00bb24&Prime;][vc_column_text]<span style=\"color: #ffffff;\">La gamme FORTIS a \u00e9t\u00e9 con\u00e7ue pour satisfaire aux conditions requises relatives \u00e0 l\u2019\u00e9laboration du vin actuel. Face \u00e0 un consommateur chaque fois plus exigeant et une demande de qualit\u00e9 optimale du vin, la gamme FORTIS s&rsquo;est mise \u00e0 la disposition des celliers pour apporter consistance et homog\u00e9n\u00e9it\u00e9 \u00e0 chaque bouteille.<\/span>[\/vc_column_text][vc_separator type=\u00a0\u00bbtransparent\u00a0\u00bb thickness=\u00a0\u00bb0&Prime; up=\u00a0\u00bb0&Prime; down=\u00a0\u00bb65&Prime;][\/vc_column][vc_column css=\u00a0\u00bb.vc_custom_1463569399975{padding-top: 20% !important;}\u00a0\u00bb offset=\u00a0\u00bbvc_col-lg-6 vc_col-md-6&Prime;][vc_single_image image=\u00a0\u00bb532&Prime; img_size=\u00a0\u00bbfull\u00a0\u00bb alignment=\u00a0\u00bbcenter\u00a0\u00bb qode_css_animation=\u00a0\u00bb\u00a0\u00bb][vc_separator type=\u00a0\u00bbtransparent\u00a0\u00bb up=\u00a0\u00bb30&Prime;][\/vc_column][\/vc_row][vc_row css_animation=\u00a0\u00bb\u00a0\u00bb row_type=\u00a0\u00bbrow\u00a0\u00bb use_row_as_full_screen_section=\u00a0\u00bbno\u00a0\u00bb type=\u00a0\u00bbgrid\u00a0\u00bb angled_section=\u00a0\u00bbno\u00a0\u00bb text_align=\u00a0\u00bbleft\u00a0\u00bb background_image_as_pattern=\u00a0\u00bbwithout_pattern\u00a0\u00bb css=\u00a0\u00bb.vc_custom_1496138603423{padding-top: 72px !important;padding-bottom: 90px !important;}\u00a0\u00bb][vc_column offset=\u00a0\u00bbvc_col-lg-4 vc_col-md-4&Prime;][vc_column_text]<\/p>\n<h2>GAMME DE<\/h2>\n<h2>BOUCHONS FORTIS<\/h2>\n<p>[\/vc_column_text][vc_separator type=\u00a0\u00bbtransparent\u00a0\u00bb thickness=\u00a0\u00bb0&Prime; up=\u00a0\u00bb0&Prime; down=\u00a0\u00bb32&Prime;][vc_column_text]La gamme FORTIS a \u00e9t\u00e9 con\u00e7ue pour satisfaire aux conditions requises relatives \u00e0 l\u2019\u00e9laboration du vin correspondant \u00e0 l\u2019\u0153nologie du XXI si\u00e8cle. Face \u00e0 un consommateur chaque fois plus exigeant et une demande de qualit\u00e9 optimale du vin, la gamme FORTIS s&rsquo;est mise \u00e0 la disposition des celliers pour apporter consistance et homog\u00e9n\u00e9it\u00e9 \u00e0 chaque bouteille.[\/vc_column_text][vc_separator type=\u00a0\u00bbtransparent\u00a0\u00bb thickness=\u00a0\u00bb0&Prime; up=\u00a0\u00bb0&Prime; down=\u00a0\u00bb41&Prime;]<a  itemprop=\"url\" href=\"http:\/\/fortiscork.com\/fr\/gamme\/\" target=\"_self\" data-hover-background-color=#ffffff data-hover-border-color=#000000 data-hover-color=#0a0a0a class=\"qbutton  medium center default\" style=\"color: #ffffff; border-color: #0a0a0a; background-color: #0a0a0a;\">EN SAVOIR PLUS<\/a>[vc_separator type=\u00a0\u00bbtransparent\u00a0\u00bb thickness=\u00a0\u00bb0&Prime; up=\u00a0\u00bb41&Prime; down=\u00a0\u00bb41&Prime;][\/vc_column][vc_column offset=\u00a0\u00bbvc_col-lg-4 vc_col-md-4&Prime;][vc_column_text]<\/p>\n<h2>THOR<\/h2>\n<h2>TECHNOLOGIE<\/h2>\n<p>[\/vc_column_text][vc_separator type=\u00a0\u00bbtransparent\u00a0\u00bb thickness=\u00a0\u00bb0&Prime; up=\u00a0\u00bb0&Prime; down=\u00a0\u00bb32&Prime;][vc_column_text]Le 2,4,6- trichloranisole (TCA) est une substance qui r\u00e9sulte de la d\u00e9gradation des trichloroph\u00e9nols (TCP) qui proviennent de l\u2019union des ph\u00e9nols pr\u00e9sents dans les particules du li\u00e8ge en rapport avec les particules de chlore dissoutes dans l\u2019air. Le TCA est \u00e0 l&rsquo;origine de l\u2019odeur et du \u00ab go\u00fbt de bouchon \u00bb ind\u00e9sirable du vin. Gr\u00e2ce \u00e0 la technologie THOR qui consiste \u00e0 traiter le granulat avec duCO<sub>2<\/sub> en \u00e9tat supercritique, nous sommes en mesure de garantir des niveaux de TCA au-dessous du niveau de Quantification de FA\u00c7ON INDIVIDUELLE.[\/vc_column_text][vc_separator type=\u00a0\u00bbtransparent\u00a0\u00bb thickness=\u00a0\u00bb0&Prime; up=\u00a0\u00bb0&Prime; down=\u00a0\u00bb41&Prime;]<a  itemprop=\"url\" href=\"http:\/\/fortiscork.com\/fr\/technologie\/\" target=\"_self\" data-hover-background-color=#ffffff data-hover-border-color=#000000 data-hover-color=#0a0a0a class=\"qbutton  medium center default\" style=\"color: #ffffff; border-color: #0a0a0a; background-color: #0a0a0a;\">EN SAVOIR PLUS<\/a>[vc_separator type=\u00a0\u00bbtransparent\u00a0\u00bb thickness=\u00a0\u00bb0&Prime; up=\u00a0\u00bb41&Prime; down=\u00a0\u00bb41&Prime;][\/vc_column][vc_column offset=\u00a0\u00bbvc_col-lg-4 vc_col-md-4&Prime;][vc_column_text]<\/p>\n<h2>CONTR\u00d4LE DE PERM\u00c9ABILIT\u00c9<\/h2>\n<p>[\/vc_column_text][vc_separator type=\u00a0\u00bbtransparent\u00a0\u00bb thickness=\u00a0\u00bb0&Prime; up=\u00a0\u00bb0&Prime; down=\u00a0\u00bb32&Prime;][vc_column_text]Il existe plusieurs variables qui d\u00e9terminent l\u2019apport optimal d\u2019oxyg\u00e8ne que doit recevoir un vin une fois mis en bouteille. Les variables les plus communes se r\u00e9f\u00e8rent \u00e0 la typologie du raisin, au syst\u00e8me de vinification, \u00e0 l\u2019espace de t\u00eate, au niveau de CO<sub>2<\/sub> pendant la mise en bouteille et \u00e0 la quantit\u00e9 d\u2019oxyg\u00e8ne dissout pr\u00e9sent dans le vin.[\/vc_column_text][vc_separator type=\u00a0\u00bbtransparent\u00a0\u00bb thickness=\u00a0\u00bb0&Prime; up=\u00a0\u00bb0&Prime; down=\u00a0\u00bb41&Prime;]<a  itemprop=\"url\" href=\"http:\/\/fortiscork.com\/fr\/controle-de-permeabilite\/\" target=\"_self\" data-hover-background-color=#ffffff data-hover-border-color=#000000 data-hover-color=#0a0a0a class=\"qbutton  medium center default\" style=\"color: #ffffff; border-color: #0a0a0a; background-color: #0a0a0a;\">EN SAVOIR PLUS<\/a>[vc_separator type=\u00a0\u00bbtransparent\u00a0\u00bb thickness=\u00a0\u00bb0&Prime; up=\u00a0\u00bb41&Prime; down=\u00a0\u00bb41&Prime;][\/vc_column][\/vc_row]<\/p>\n","protected":false},"excerpt":{"rendered":"<p>[vc_row css_animation=\u00a0\u00bb\u00a0\u00bb row_type=\u00a0\u00bbrow\u00a0\u00bb use_row_as_full_screen_section=\u00a0\u00bbno\u00a0\u00bb type=\u00a0\u00bbgrid\u00a0\u00bb anchor=\u00a0\u00bbtechnology\u00a0\u00bb angled_section=\u00a0\u00bbno\u00a0\u00bb text_align=\u00a0\u00bbleft\u00a0\u00bb background_image=\u00a0\u00bb157&Prime; background_image_as_pattern=\u00a0\u00bbwithout_pattern\u00a0\u00bb][vc_column offset=\u00a0\u00bbvc_col-lg-6 vc_col-md-6&Prime; css=\u00a0\u00bb.vc_custom_1496136918247{padding-top: 18% !important;}\u00a0\u00bb][vc_column_text] BOUCHONS FORTIS [\/vc_column_text][vc_separator type=\u00a0\u00bbsmall\u00a0\u00bb position=\u00a0\u00bbleft\u00a0\u00bb color=\u00a0\u00bb#ffffff\u00a0\u00bb thickness=\u00a0\u00bb2&Prime; up=\u00a0\u00bb24&Prime; down=\u00a0\u00bb24&Prime;][vc_column_text]La gamme FORTIS a \u00e9t\u00e9 con\u00e7ue pour satisfaire aux conditions requises relatives \u00e0 l\u2019\u00e9laboration du vin actuel. Face \u00e0 un consommateur chaque&#8230;<\/p>\n","protected":false},"author":5,"featured_media":0,"parent":0,"menu_order":0,"comment_status":"closed","ping_status":"closed","template":"full_width.php","meta":{"footnotes":""},"class_list":["post-852","page","type-page","status-publish","hentry"],"_links":{"self":[{"href":"https:\/\/fortiscork.com\/fr\/wp-json\/wp\/v2\/pages\/852","targetHints":{"allow":["GET"]}}],"collection":[{"href":"https:\/\/fortiscork.com\/fr\/wp-json\/wp\/v2\/pages"}],"about":[{"href":"https:\/\/fortiscork.com\/fr\/wp-json\/wp\/v2\/types\/page"}],"author":[{"embeddable":true,"href":"https:\/\/fortiscork.com\/fr\/wp-json\/wp\/v2\/users\/5"}],"replies":[{"embeddable":true,"href":"https:\/\/fortiscork.com\/fr\/wp-json\/wp\/v2\/comments?post=852"}],"version-history":[{"count":6,"href":"https:\/\/fortiscork.com\/fr\/wp-json\/wp\/v2\/pages\/852\/revisions"}],"predecessor-version":[{"id":893,"href":"https:\/\/fortiscork.com\/fr\/wp-json\/wp\/v2\/pages\/852\/revisions\/893"}],"wp:attachment":[{"href":"https:\/\/fortiscork.com\/fr\/wp-json\/wp\/v2\/media?parent=852"}],"curies":[{"name":"wp","href":"https:\/\/api.w.org\/{rel}","templated":true}]}}