{"id":330,"date":"2017-05-31T12:41:02","date_gmt":"2017-05-31T12:41:02","guid":{"rendered":"http:\/\/fortiscork.com\/?page_id=330"},"modified":"2017-07-03T10:39:42","modified_gmt":"2017-07-03T10:39:42","slug":"control-permeabilidad","status":"publish","type":"page","link":"https:\/\/fortiscork.com\/es\/control-permeabilidad\/","title":{"rendered":"Control de permeabilidad"},"content":{"rendered":"<p>[vc_row css_animation=\u00bb\u00bb row_type=\u00bbrow\u00bb use_row_as_full_screen_section=\u00bbno\u00bb type=\u00bbfull_width\u00bb angled_section=\u00bbno\u00bb text_align=\u00bbleft\u00bb background_image_as_pattern=\u00bbwithout_pattern\u00bb][vc_column width=\u00bb1\/6&#8243;][\/vc_column][vc_column width=\u00bb2\/3&#8243;][vc_separator type=\u00bbtransparent\u00bb down=\u00bb75&#8243;][vc_column_text]<\/p>\n<h1 style=\"text-align: center;\">LA GESTI\u00d3N DEL OX\u00cdGENO<\/h1>\n<p>[\/vc_column_text][vc_separator type=\u00bbsmall\u00bb position=\u00bbcenter\u00bb up=\u00bb30&#8243; down=\u00bb30&#8243;][vc_column_text]Existen diversas variables que determinan la aportaci\u00f3n de ox\u00edgeno \u00f3ptima que deber\u00eda recibir un vino en las diferentes etapas del proceso de vinificaci\u00f3n y embotellado. Las variables m\u00e1s comunes se refieren a la variedad de uva, espacio de cabeza, nivel de SO<sub>2<\/sub> durante el embotellado y aportaci\u00f3n de ox\u00edgeno disuelto presente en el vino. Tambi\u00e9n variables tales como la rotaci\u00f3n del producto o la evoluci\u00f3n esperada en la botella determinan qu\u00e9 tipo de permeabilidad es la \u00f3ptima en cada caso.<\/p>\n<p>&nbsp;<\/p>\n<p>El control de densidad individual de cada tap\u00f3n garantiza una completa homogeneidad de los lotes favoreciendo la regularidad en la l\u00ednea de tapado, el descorche del consumidor y las caracter\u00edsticas de permeabilidad homog\u00e9nea en cada lote.<\/p>\n<p>[\/vc_column_text][vc_separator type=\u00bbtransparent\u00bb up=\u00bb30&#8243; down=\u00bb30&#8243;][vc_column_text css=\u00bb.vc_custom_1496995397991{padding-bottom: 20px !important;}\u00bb]<\/p>\n<h5 style=\"text-align: left;\"><span style=\"color: #ab0232;\">FORTIS\u00a0Vini<\/span><\/h5>\n<p>[\/vc_column_text][vc_column_text]Nuestra gama <strong>FORTIS Vini<\/strong> ofrece 3 familias de permeabilidades muy homog\u00e9neas para dar respuesta a las necesidades de cierre y de evoluci\u00f3n de cada vino que decida el en\u00f3logo. Disponemos de la gama <strong>Fortis Vini1<\/strong>, <strong>Fortis Vini 2<\/strong> y <strong>Fortis Vini 3<\/strong> siempre con la garant\u00eda absoluta TAPON a TAPON de nivel de TCA No Detectable. Nuestra tecnolog\u00eda extractiva nos permite trabajar con granulometr\u00edas homog\u00e9neas y garantizar en todas las gamas una cantidad de corcho siempre superior al 75%.[\/vc_column_text][vc_separator type=\u00bbtransparent\u00bb up=\u00bb30&#8243; down=\u00bb30&#8243;][vc_column_text css=\u00bb.vc_custom_1496995410075{padding-bottom: 20px !important;}\u00bb]<\/p>\n<h5 style=\"text-align: left;\"><span style=\"color: #ab0232;\">FORTIS Spumante<\/span><\/h5>\n<p>[\/vc_column_text][vc_column_text]La gama <strong>FORTIS Spumante<\/strong> ofrece dos versiones de permeabilidades que permiten adaptar el rendimiento del tap\u00f3n en la gesti\u00f3n del ox\u00edgeno durante el embotellado. La Oxygen Transfer Rate (OTR) que ofrecen <strong>FORTIS 2<\/strong> y <strong>FORTIS 3<\/strong> permiten al en\u00f3logo influir directamente en la evoluci\u00f3n que desea para cada vino espumoso. Con dos OTR diferenciadas, la gama <strong>FORTIS<\/strong> se adapta a todos los perfiles de vino espumoso, desde aquellos que tienen una alta rotaci\u00f3n en el mercado hasta los m\u00e1s exigentes a nivel de largas evoluciones en botella.[\/vc_column_text][vc_separator type=\u00bbtransparent\u00bb down=\u00bb75&#8243;][vc_single_image image=\u00bb612&#8243; img_size=\u00bb1052&#215;476&#8243; alignment=\u00bbcenter\u00bb qode_css_animation=\u00bb\u00bb][\/vc_column][vc_column width=\u00bb1\/6&#8243;][\/vc_column][\/vc_row]<\/p>\n","protected":false},"excerpt":{"rendered":"<p>[vc_row css_animation=\u00bb\u00bb row_type=\u00bbrow\u00bb use_row_as_full_screen_section=\u00bbno\u00bb type=\u00bbfull_width\u00bb angled_section=\u00bbno\u00bb text_align=\u00bbleft\u00bb background_image_as_pattern=\u00bbwithout_pattern\u00bb][vc_column width=\u00bb1\/6&#8243;][\/vc_column][vc_column width=\u00bb2\/3&#8243;][vc_separator type=\u00bbtransparent\u00bb down=\u00bb75&#8243;][vc_column_text] LA GESTI\u00d3N DEL OX\u00cdGENO [\/vc_column_text][vc_separator type=\u00bbsmall\u00bb position=\u00bbcenter\u00bb up=\u00bb30&#8243; down=\u00bb30&#8243;][vc_column_text]Existen diversas variables que determinan la aportaci\u00f3n de ox\u00edgeno \u00f3ptima que deber\u00eda recibir un vino en las diferentes etapas del proceso de vinificaci\u00f3n y embotellado&#8230;.<\/p>\n","protected":false},"author":5,"featured_media":0,"parent":0,"menu_order":0,"comment_status":"closed","ping_status":"closed","template":"full_width.php","meta":{"footnotes":""},"class_list":["post-330","page","type-page","status-publish","hentry"],"_links":{"self":[{"href":"https:\/\/fortiscork.com\/es\/wp-json\/wp\/v2\/pages\/330","targetHints":{"allow":["GET"]}}],"collection":[{"href":"https:\/\/fortiscork.com\/es\/wp-json\/wp\/v2\/pages"}],"about":[{"href":"https:\/\/fortiscork.com\/es\/wp-json\/wp\/v2\/types\/page"}],"author":[{"embeddable":true,"href":"https:\/\/fortiscork.com\/es\/wp-json\/wp\/v2\/users\/5"}],"replies":[{"embeddable":true,"href":"https:\/\/fortiscork.com\/es\/wp-json\/wp\/v2\/comments?post=330"}],"version-history":[{"count":25,"href":"https:\/\/fortiscork.com\/es\/wp-json\/wp\/v2\/pages\/330\/revisions"}],"predecessor-version":[{"id":614,"href":"https:\/\/fortiscork.com\/es\/wp-json\/wp\/v2\/pages\/330\/revisions\/614"}],"wp:attachment":[{"href":"https:\/\/fortiscork.com\/es\/wp-json\/wp\/v2\/media?parent=330"}],"curies":[{"name":"wp","href":"https:\/\/api.w.org\/{rel}","templated":true}]}}