{"id":192,"date":"2017-05-30T13:46:45","date_gmt":"2017-05-30T13:46:45","guid":{"rendered":"http:\/\/fortiscork.com\/?page_id=192"},"modified":"2018-02-27T10:52:06","modified_gmt":"2018-02-27T10:52:06","slug":"gama","status":"publish","type":"page","link":"https:\/\/fortiscork.com\/es\/gama\/","title":{"rendered":"Gama"},"content":{"rendered":"<p>[vc_row css_animation=\u00bb\u00bb row_type=\u00bbrow\u00bb use_row_as_full_screen_section=\u00bbno\u00bb type=\u00bbfull_width\u00bb angled_section=\u00bbno\u00bb text_align=\u00bbleft\u00bb background_image_as_pattern=\u00bbwithout_pattern\u00bb][vc_column width=\u00bb1\/6&#8243;][\/vc_column][vc_column width=\u00bb2\/3&#8243;][vc_separator type=\u00bbtransparent\u00bb down=\u00bb75&#8243;][vc_column_text]<\/p>\n<h1 style=\"text-align: center;\">GAMA DE TAPONES FORTIS<\/h1>\n<p>[\/vc_column_text][vc_separator type=\u00bbsmall\u00bb position=\u00bbcenter\u00bb up=\u00bb30&#8243; down=\u00bb30&#8243;][vc_column_text]La gama <strong>FORTIS<\/strong> ha sido desarrollada para dar respuesta a los requisitos de la elaboraci\u00f3n de vino basado en la enologia del siglo XXI. Ante un consumidor cada vez m\u00e1s exigente y una demanda de estado \u00f3ptimo del vino, la gama <strong>FORTIS<\/strong> se pone al servicio de las bodegas para aportar consistencia y homogeneidad botella a botella.<\/p>\n<p>&nbsp;<\/p>\n<p><strong>FORTIS<\/strong> presenta su gama de productos: <strong>FORTIS, FORTIS2, FORTIS3<\/strong> y <strong>FORTISDUO<\/strong> para vino espumoso; y la l\u00ednea <strong>FORTIS Vini<\/strong>\u00a0y <strong>FORTIS Vini\u00a01, 2<\/strong> y <strong>3<\/strong> para vino tranquilo. Con estas categor\u00edas de producto, la gama <strong>FORTIS<\/strong> cubre todo el espectro de necesidades a nivel de necesidades de tapado en la bodega.<\/p>\n<p>&nbsp;<\/p>\n<p>La gama <strong>FORTIS<\/strong> se fabrica a partir de granulado de corcho moldeado de forma individual con la m\u00e1s alta tecnolog\u00eda. De \u00e9sta forma se garantiza que cada tap\u00f3n presenta unos par\u00e1metros f\u00edsico-mec\u00e1nicos id\u00e9nticos lote por lote. \u00c9sta homogeneidad se traduce en una regularidad y fluidez en la l\u00ednea de embotellado y una evoluci\u00f3n en botella estable.<\/p>\n<p>&nbsp;<\/p>\n<p>La gama <strong>FORTIS<\/strong> se presenta en distintas composiciones de granulado para adaptarse a las preferencias de la bodega desde un punto de vista t\u00e9cnico y sensorial.[\/vc_column_text][vc_separator type=\u00bbtransparent\u00bb down=\u00bb75&#8243;][\/vc_column][vc_column width=\u00bb1\/6&#8243;][\/vc_column][\/vc_row][vc_row css_animation=\u00bb\u00bb row_type=\u00bbrow\u00bb use_row_as_full_screen_section=\u00bbno\u00bb type=\u00bbfull_width\u00bb angled_section=\u00bbno\u00bb text_align=\u00bbleft\u00bb background_image_as_pattern=\u00bbwithout_pattern\u00bb background_color=\u00bb#f2f2f2&#8243;][vc_column][vc_separator type=\u00bbtransparent\u00bb up=\u00bb100&#8243;][vc_column_text]<\/p>\n<h6 style=\"text-align: center;\"><span style=\"color: #000000;\">Tap\u00f3n vino<\/span><\/h6>\n<h2 style=\"text-align: center;\"><span style=\"color: #ab0232;\">Tranquilo<\/span><\/h2>\n<p>[\/vc_column_text][vc_separator type=\u00bbtransparent\u00bb up=\u00bb100&#8243;][vc_row_inner row_type=\u00bbrow\u00bb type=\u00bbgrid\u00bb text_align=\u00bbcenter\u00bb css_animation=\u00bb\u00bb][vc_column_inner width=\u00bb1\/4&#8243;][vc_single_image image=\u00bb556&#8243; img_size=\u00bb244&#215;400&#8243; alignment=\u00bbcenter\u00bb qode_css_animation=\u00bb\u00bb][vc_column_text][\/vc_column_text][vc_separator type=\u00bbtransparent\u00bb up=\u00bb20&#8243;]<a  itemprop=\"url\" href=\"http:\/\/fortiscork.com\/wp-content\/uploads\/2017\/07\/fortis_vini_thor.pdf\" target=\"_blank\" data-hover-background-color=#ffffff data-hover-border-color=#000000 data-hover-color=#0a0a0a class=\"qbutton  small default\" style=\"color: #ffffff; border-color: #0a0a0a; background-color: #0a0a0a;\">Ver ficha<\/a>[vc_separator type=\u00bbtransparent\u00bb up=\u00bb45&#8243;][\/vc_column_inner][vc_column_inner width=\u00bb1\/4&#8243;][vc_single_image image=\u00bb559&#8243; img_size=\u00bb244&#215;400&#8243; alignment=\u00bbcenter\u00bb qode_css_animation=\u00bb\u00bb][vc_column_text][\/vc_column_text][vc_separator type=\u00bbtransparent\u00bb up=\u00bb20&#8243;]<a  itemprop=\"url\" href=\"http:\/\/fortiscork.com\/wp-content\/uploads\/2017\/07\/fortis_vini_thor.pdf\" target=\"_blank\" data-hover-background-color=#ffffff data-hover-border-color=#000000 data-hover-color=#0a0a0a class=\"qbutton  small default\" style=\"color: #ffffff; border-color: #0a0a0a; background-color: #0a0a0a;\">Ver ficha<\/a>[vc_separator type=\u00bbtransparent\u00bb up=\u00bb45&#8243;][\/vc_column_inner][vc_column_inner width=\u00bb1\/4&#8243;][vc_single_image image=\u00bb563&#8243; img_size=\u00bb244&#215;400&#8243; alignment=\u00bbcenter\u00bb qode_css_animation=\u00bb\u00bb][vc_column_text][\/vc_column_text][vc_separator type=\u00bbtransparent\u00bb up=\u00bb20&#8243;]<a  itemprop=\"url\" href=\"http:\/\/fortiscork.com\/wp-content\/uploads\/2017\/07\/fortis_vini_thor.pdf\" target=\"_blank\" data-hover-background-color=#ffffff data-hover-border-color=#000000 data-hover-color=#0a0a0a class=\"qbutton  small default\" style=\"color: #ffffff; border-color: #0a0a0a; background-color: #0a0a0a;\">Ver ficha<\/a>[vc_separator type=\u00bbtransparent\u00bb up=\u00bb45&#8243;][\/vc_column_inner][vc_column_inner width=\u00bb1\/4&#8243;][vc_single_image image=\u00bb572&#8243; img_size=\u00bb244&#215;400&#8243; alignment=\u00bbcenter\u00bb qode_css_animation=\u00bb\u00bb][vc_column_text][\/vc_column_text][vc_separator type=\u00bbtransparent\u00bb up=\u00bb20&#8243;]<a  itemprop=\"url\" href=\"http:\/\/fortiscork.com\/wp-content\/uploads\/2017\/07\/fortis_vini_effitec.pdf\" target=\"_blank\" data-hover-background-color=#ffffff data-hover-border-color=#000000 data-hover-color=#0a0a0a class=\"qbutton  small default\" style=\"color: #ffffff; border-color: #0a0a0a; background-color: #0a0a0a;\">Ver ficha<\/a>[vc_separator type=\u00bbtransparent\u00bb up=\u00bb45&#8243;][\/vc_column_inner][\/vc_row_inner][vc_row_inner row_type=\u00bbrow\u00bb type=\u00bbgrid\u00bb text_align=\u00bbcenter\u00bb css_animation=\u00bb\u00bb][vc_column_inner width=\u00bb1\/4&#8243;][vc_single_image image=\u00bb571&#8243; img_size=\u00bb244&#215;400&#8243; alignment=\u00bbcenter\u00bb qode_css_animation=\u00bb\u00bb][vc_column_text][\/vc_column_text][vc_separator type=\u00bbtransparent\u00bb up=\u00bb20&#8243;]<a  itemprop=\"url\" href=\"http:\/\/fortiscork.com\/wp-content\/uploads\/2017\/07\/fortis_vini_plus_effitec.pdf\" target=\"_blank\" data-hover-background-color=#ffffff data-hover-border-color=#000000 data-hover-color=#0a0a0a class=\"qbutton  small default\" style=\"color: #ffffff; border-color: #0a0a0a; background-color: #0a0a0a;\">Ver ficha<\/a>[vc_separator type=\u00bbtransparent\u00bb up=\u00bb45&#8243;][\/vc_column_inner][vc_column_inner width=\u00bb1\/4&#8243;][\/vc_column_inner][vc_column_inner width=\u00bb1\/4&#8243;][\/vc_column_inner][vc_column_inner width=\u00bb1\/4&#8243;][\/vc_column_inner][\/vc_row_inner][vc_separator type=\u00bbtransparent\u00bb up=\u00bb50&#8243;][\/vc_column][\/vc_row][vc_row css_animation=\u00bb\u00bb row_type=\u00bbrow\u00bb use_row_as_full_screen_section=\u00bbno\u00bb type=\u00bbfull_width\u00bb angled_section=\u00bbno\u00bb text_align=\u00bbleft\u00bb background_image_as_pattern=\u00bbwithout_pattern\u00bb background_color=\u00bb#ffffff\u00bb][vc_column][vc_separator type=\u00bbtransparent\u00bb up=\u00bb100&#8243;][vc_column_text]<\/p>\n<h6 style=\"text-align: center;\"><span style=\"color: #000000;\">Tap\u00f3n vino<\/span><\/h6>\n<h2 style=\"text-align: center;\"><span style=\"color: #ab0232;\">Espumoso<\/span><\/h2>\n<p>[\/vc_column_text][vc_separator type=\u00bbtransparent\u00bb up=\u00bb100&#8243;][vc_row_inner row_type=\u00bbrow\u00bb type=\u00bbgrid\u00bb text_align=\u00bbcenter\u00bb css_animation=\u00bb\u00bb][vc_column_inner width=\u00bb1\/4&#8243;][vc_single_image image=\u00bb500&#8243; img_size=\u00bb244&#215;400&#8243; alignment=\u00bbcenter\u00bb qode_css_animation=\u00bb\u00bb][vc_column_text][\/vc_column_text][vc_separator type=\u00bbtransparent\u00bb up=\u00bb20&#8243;]<a  itemprop=\"url\" href=\"http:\/\/fortiscork.com\/wp-content\/uploads\/2017\/07\/fortis_effitec.pdf\" target=\"_blank\" data-hover-background-color=#ffffff data-hover-border-color=#000000 data-hover-color=#0a0a0a class=\"qbutton  small default\" style=\"color: #ffffff; border-color: #0a0a0a; background-color: #0a0a0a;\">Ver ficha<\/a>[vc_separator type=\u00bbtransparent\u00bb up=\u00bb45&#8243;][\/vc_column_inner][vc_column_inner width=\u00bb1\/4&#8243;][vc_single_image image=\u00bb579&#8243; img_size=\u00bb244&#215;400&#8243; alignment=\u00bbcenter\u00bb qode_css_animation=\u00bb\u00bb][vc_column_text][\/vc_column_text][vc_separator type=\u00bbtransparent\u00bb up=\u00bb20&#8243;]<a  itemprop=\"url\" href=\"http:\/\/fortiscork.com\/wp-content\/uploads\/2017\/07\/fortis_plus_effitec.pdf\" target=\"_blank\" data-hover-background-color=#ffffff data-hover-border-color=#000000 data-hover-color=#0a0a0a class=\"qbutton  small default\" style=\"color: #ffffff; border-color: #0a0a0a; background-color: #0a0a0a;\">Ver ficha<\/a>[vc_separator type=\u00bbtransparent\u00bb up=\u00bb45&#8243;][\/vc_column_inner][vc_column_inner width=\u00bb1\/4&#8243;][vc_single_image image=\u00bb582&#8243; img_size=\u00bb244&#215;400&#8243; alignment=\u00bbcenter\u00bb qode_css_animation=\u00bb\u00bb][vc_column_text][\/vc_column_text][vc_separator type=\u00bbtransparent\u00bb up=\u00bb20&#8243;]<a  itemprop=\"url\" href=\"http:\/\/fortiscork.com\/wp-content\/uploads\/2017\/07\/fortis_thor.pdf\" target=\"_blank\" data-hover-background-color=#ffffff data-hover-border-color=#000000 data-hover-color=#0a0a0a class=\"qbutton  small default\" style=\"color: #ffffff; border-color: #0a0a0a; background-color: #0a0a0a;\">Ver ficha<\/a>[vc_separator type=\u00bbtransparent\u00bb up=\u00bb45&#8243;][\/vc_column_inner][vc_column_inner width=\u00bb1\/4&#8243;][vc_single_image image=\u00bb585&#8243; img_size=\u00bb244&#215;400&#8243; alignment=\u00bbcenter\u00bb qode_css_animation=\u00bb\u00bb][vc_column_text][\/vc_column_text][vc_separator type=\u00bbtransparent\u00bb up=\u00bb20&#8243;]<a  itemprop=\"url\" href=\"http:\/\/fortiscork.com\/wp-content\/uploads\/2017\/07\/fortis_thor.pdf\" target=\"_blank\" data-hover-background-color=#ffffff data-hover-border-color=#000000 data-hover-color=#0a0a0a class=\"qbutton  small default\" style=\"color: #ffffff; border-color: #0a0a0a; background-color: #0a0a0a;\">Ver ficha<\/a>[vc_separator type=\u00bbtransparent\u00bb up=\u00bb45&#8243;][\/vc_column_inner][\/vc_row_inner][vc_row_inner row_type=\u00bbrow\u00bb type=\u00bbgrid\u00bb text_align=\u00bbcenter\u00bb css_animation=\u00bb\u00bb][vc_column_inner width=\u00bb1\/4&#8243;][vc_single_image image=\u00bb589&#8243; img_size=\u00bb244&#215;400&#8243; alignment=\u00bbcenter\u00bb qode_css_animation=\u00bb\u00bb][vc_column_text][\/vc_column_text][vc_separator type=\u00bbtransparent\u00bb up=\u00bb20&#8243;]<a  itemprop=\"url\" href=\"http:\/\/fortiscork.com\/wp-content\/uploads\/2017\/07\/fortis_duo_effitec.pdf\" target=\"_blank\" data-hover-background-color=#ffffff data-hover-border-color=#000000 data-hover-color=#0a0a0a class=\"qbutton  small default\" style=\"color: #ffffff; border-color: #0a0a0a; background-color: #0a0a0a;\">Ver ficha<\/a>[vc_separator type=\u00bbtransparent\u00bb up=\u00bb45&#8243;][\/vc_column_inner][vc_column_inner width=\u00bb1\/4&#8243;][vc_single_image image=\u00bb592&#8243; img_size=\u00bb244&#215;400&#8243; alignment=\u00bbcenter\u00bb qode_css_animation=\u00bb\u00bb][vc_column_text][\/vc_column_text][vc_separator type=\u00bbtransparent\u00bb up=\u00bb20&#8243;]<a  itemprop=\"url\" href=\"http:\/\/fortiscork.com\/wp-content\/uploads\/2017\/07\/fortis_duo_plus_effitec.pdf\" target=\"_blank\" data-hover-background-color=#ffffff data-hover-border-color=#000000 data-hover-color=#0a0a0a class=\"qbutton  small default\" style=\"color: #ffffff; border-color: #0a0a0a; background-color: #0a0a0a;\">Ver ficha<\/a>[vc_separator type=\u00bbtransparent\u00bb up=\u00bb45&#8243;][\/vc_column_inner][vc_column_inner width=\u00bb1\/4&#8243;][vc_single_image image=\u00bb595&#8243; img_size=\u00bb244&#215;400&#8243; alignment=\u00bbcenter\u00bb qode_css_animation=\u00bb\u00bb][vc_column_text][\/vc_column_text][vc_separator type=\u00bbtransparent\u00bb up=\u00bb20&#8243;]<a  itemprop=\"url\" href=\"http:\/\/fortiscork.com\/wp-content\/uploads\/2017\/07\/fortis_duo_thor.pdf\" target=\"_blank\" data-hover-background-color=#ffffff data-hover-border-color=#000000 data-hover-color=#0a0a0a class=\"qbutton  small default\" style=\"color: #ffffff; border-color: #0a0a0a; background-color: #0a0a0a;\">Ver ficha<\/a>[vc_separator type=\u00bbtransparent\u00bb up=\u00bb45&#8243;][\/vc_column_inner][vc_column_inner width=\u00bb1\/4&#8243;][vc_single_image image=\u00bb627&#8243; img_size=\u00bb244&#215;400&#8243; alignment=\u00bbcenter\u00bb qode_css_animation=\u00bb\u00bb][vc_column_text][\/vc_column_text][vc_separator type=\u00bbtransparent\u00bb up=\u00bb20&#8243;]<a  itemprop=\"url\" href=\"http:\/\/fortiscork.com\/wp-content\/uploads\/2018\/02\/fortis_fitxa_02.pdf\" target=\"_blank\" data-hover-background-color=#ffffff data-hover-border-color=#000000 data-hover-color=#0a0a0a class=\"qbutton  small default\" style=\"color: #ffffff; border-color: #0a0a0a; background-color: #0a0a0a;\">Ver ficha<\/a>[vc_separator type=\u00bbtransparent\u00bb up=\u00bb45&#8243;][\/vc_column_inner][\/vc_row_inner][vc_separator type=\u00bbtransparent\u00bb up=\u00bb50&#8243;][\/vc_column][\/vc_row]<\/p>\n","protected":false},"excerpt":{"rendered":"<p>[vc_row css_animation=\u00bb\u00bb row_type=\u00bbrow\u00bb use_row_as_full_screen_section=\u00bbno\u00bb type=\u00bbfull_width\u00bb angled_section=\u00bbno\u00bb text_align=\u00bbleft\u00bb background_image_as_pattern=\u00bbwithout_pattern\u00bb][vc_column width=\u00bb1\/6&#8243;][\/vc_column][vc_column width=\u00bb2\/3&#8243;][vc_separator type=\u00bbtransparent\u00bb down=\u00bb75&#8243;][vc_column_text] GAMA DE TAPONES FORTIS [\/vc_column_text][vc_separator type=\u00bbsmall\u00bb position=\u00bbcenter\u00bb up=\u00bb30&#8243; down=\u00bb30&#8243;][vc_column_text]La gama FORTIS ha sido desarrollada para dar respuesta a los requisitos de la elaboraci\u00f3n de vino basado en la enologia del siglo XXI. Ante&#8230;<\/p>\n","protected":false},"author":5,"featured_media":0,"parent":0,"menu_order":0,"comment_status":"closed","ping_status":"closed","template":"full_width.php","meta":{"footnotes":""},"class_list":["post-192","page","type-page","status-publish","hentry"],"_links":{"self":[{"href":"https:\/\/fortiscork.com\/es\/wp-json\/wp\/v2\/pages\/192","targetHints":{"allow":["GET"]}}],"collection":[{"href":"https:\/\/fortiscork.com\/es\/wp-json\/wp\/v2\/pages"}],"about":[{"href":"https:\/\/fortiscork.com\/es\/wp-json\/wp\/v2\/types\/page"}],"author":[{"embeddable":true,"href":"https:\/\/fortiscork.com\/es\/wp-json\/wp\/v2\/users\/5"}],"replies":[{"embeddable":true,"href":"https:\/\/fortiscork.com\/es\/wp-json\/wp\/v2\/comments?post=192"}],"version-history":[{"count":58,"href":"https:\/\/fortiscork.com\/es\/wp-json\/wp\/v2\/pages\/192\/revisions"}],"predecessor-version":[{"id":629,"href":"https:\/\/fortiscork.com\/es\/wp-json\/wp\/v2\/pages\/192\/revisions\/629"}],"wp:attachment":[{"href":"https:\/\/fortiscork.com\/es\/wp-json\/wp\/v2\/media?parent=192"}],"curies":[{"name":"wp","href":"https:\/\/api.w.org\/{rel}","templated":true}]}}