{"id":131,"date":"2017-05-30T08:23:06","date_gmt":"2017-05-30T08:23:06","guid":{"rendered":"http:\/\/fortiscork.com\/?page_id=131"},"modified":"2017-06-15T06:16:51","modified_gmt":"2017-06-15T06:16:51","slug":"inicio","status":"publish","type":"page","link":"https:\/\/fortiscork.com\/es\/","title":{"rendered":"Inicio"},"content":{"rendered":"<p>[vc_row css_animation=\u00bb\u00bb row_type=\u00bbrow\u00bb use_row_as_full_screen_section=\u00bbno\u00bb type=\u00bbgrid\u00bb anchor=\u00bbtechnology\u00bb angled_section=\u00bbno\u00bb text_align=\u00bbleft\u00bb background_image=\u00bb157&#8243; background_image_as_pattern=\u00bbwithout_pattern\u00bb][vc_column offset=\u00bbvc_col-lg-6 vc_col-md-6&#8243; css=\u00bb.vc_custom_1496136918247{padding-top: 18% !important;}\u00bb][vc_column_text]<\/p>\n<h2><span style=\"color: #ffffff;\">TAPONES FORTIS<\/span><\/h2>\n<p>[\/vc_column_text][vc_separator type=\u00bbsmall\u00bb position=\u00bbleft\u00bb color=\u00bb#ffffff\u00bb thickness=\u00bb2&#8243; up=\u00bb24&#8243; down=\u00bb24&#8243;][vc_column_text]<span style=\"color: #ffffff;\">La gama FORTIS ha sido desarrollada para dar respuesta a los requisitos de la producci\u00f3n de vino actual. Ante un consumidor cada vez m\u00e1s exigente y una demanda de estado \u00f3ptimo del vino durante su consumo, la gama FORTIS se pone al servicio de las bodegas para aportar consistencia y homogeneidad botella por botella.<\/span>[\/vc_column_text][vc_separator type=\u00bbtransparent\u00bb thickness=\u00bb0&#8243; up=\u00bb0&#8243; down=\u00bb65&#8243;][\/vc_column][vc_column css=\u00bb.vc_custom_1463569399975{padding-top: 20% !important;}\u00bb offset=\u00bbvc_col-lg-6 vc_col-md-6&#8243;][vc_single_image image=\u00bb532&#8243; img_size=\u00bbfull\u00bb alignment=\u00bbcenter\u00bb qode_css_animation=\u00bb\u00bb][vc_separator type=\u00bbtransparent\u00bb up=\u00bb30&#8243;][\/vc_column][\/vc_row][vc_row css_animation=\u00bb\u00bb row_type=\u00bbrow\u00bb use_row_as_full_screen_section=\u00bbno\u00bb type=\u00bbgrid\u00bb angled_section=\u00bbno\u00bb text_align=\u00bbleft\u00bb background_image_as_pattern=\u00bbwithout_pattern\u00bb css=\u00bb.vc_custom_1496138603423{padding-top: 72px !important;padding-bottom: 90px !important;}\u00bb][vc_column offset=\u00bbvc_col-lg-4 vc_col-md-4&#8243;][vc_column_text]<\/p>\n<h2>GAMA DE<\/h2>\n<h2>TAPONES FORTIS<\/h2>\n<p>[\/vc_column_text][vc_separator type=\u00bbtransparent\u00bb thickness=\u00bb0&#8243; up=\u00bb0&#8243; down=\u00bb32&#8243;][vc_column_text]La gama FORTIS ha sido desarrollada para dar respuesta a los requisitos de la elaboraci\u00f3n de vino\u00a0 basado en la enologia del siglo XXI. Ante un consumidor cada vez m\u00e1s exigente y una demanda de estado \u00f3ptimo del vino, la gama FORTIS se pone al servicio de las bodegas para aportar consistencia y homogeneidad botella a botella.[\/vc_column_text][vc_separator type=\u00bbtransparent\u00bb thickness=\u00bb0&#8243; up=\u00bb0&#8243; down=\u00bb41&#8243;]<a  itemprop=\"url\" href=\"http:\/\/fortiscork.com\/es\/gama\/\" target=\"_self\" data-hover-background-color=#ffffff data-hover-border-color=#000000 data-hover-color=#0a0a0a class=\"qbutton  medium center default\" style=\"color: #ffffff; border-color: #0a0a0a; background-color: #0a0a0a;\">Saber m\u00e1s<\/a>[vc_separator type=\u00bbtransparent\u00bb thickness=\u00bb0&#8243; up=\u00bb41&#8243; down=\u00bb41&#8243;][\/vc_column][vc_column offset=\u00bbvc_col-lg-4 vc_col-md-4&#8243;][vc_column_text]<\/p>\n<h2>THOR<\/h2>\n<h2>TECHNOLOGY<\/h2>\n<p>[\/vc_column_text][vc_separator type=\u00bbtransparent\u00bb thickness=\u00bb0&#8243; up=\u00bb0&#8243; down=\u00bb32&#8243;][vc_column_text]El 2,4,6- tricloroanisol (TCA) es una sustancia que resulta de la degradaci\u00f3n de los tri-cloro-fenoles (o TCP) que surgen de la uni\u00f3n de los fenoles presentes en las part\u00edculas de corcho en uni\u00f3n con part\u00edculas de cloro disueltas en el ambiente. El TCA es responsable del olor y \u201csabor a corcho\u201d indeseable en el vino. Con la tecnolog\u00eda THOR basada en tratar granulado con CO<sub>2<\/sub> en estado supercr\u00edtico garantizamos niveles de TCA bajo el nivel de Quantificaci\u00f3n de MANERA INDIVIDUAL.[\/vc_column_text][vc_separator type=\u00bbtransparent\u00bb thickness=\u00bb0&#8243; up=\u00bb0&#8243; down=\u00bb41&#8243;]<a  itemprop=\"url\" href=\"http:\/\/fortiscork.com\/es\/tecnologia\/\" target=\"_self\" data-hover-background-color=#ffffff data-hover-border-color=#000000 data-hover-color=#0a0a0a class=\"qbutton  medium center default\" style=\"color: #ffffff; border-color: #0a0a0a; background-color: #0a0a0a;\">Saber m\u00e1s<\/a>[vc_separator type=\u00bbtransparent\u00bb thickness=\u00bb0&#8243; up=\u00bb41&#8243; down=\u00bb41&#8243;][\/vc_column][vc_column offset=\u00bbvc_col-lg-4 vc_col-md-4&#8243;][vc_column_text]<\/p>\n<h2>CONTROL DE PERMEABILIDAD<\/h2>\n<p>[\/vc_column_text][vc_separator type=\u00bbtransparent\u00bb thickness=\u00bb0&#8243; up=\u00bb0&#8243; down=\u00bb32&#8243;][vc_column_text]Existen diversas variables que determinan la aportaci\u00f3n de ox\u00edgeno \u00f3ptima que deber\u00eda recibir un vino una vez embotellado. Las variables m\u00e1s comunes se refieren a la tipolog\u00eda de uva, sistema de vinificaci\u00f3n, espacio de cabeza, nivel de SO<sub>2<\/sub> durante el embotellado y cantidad de ox\u00edgeno disuelto presente en el vino.[\/vc_column_text][vc_separator type=\u00bbtransparent\u00bb thickness=\u00bb0&#8243; up=\u00bb0&#8243; down=\u00bb41&#8243;]<a  itemprop=\"url\" href=\"http:\/\/fortiscork.com\/es\/control-permeabilidad\/\" target=\"_self\" data-hover-background-color=#ffffff data-hover-border-color=#000000 data-hover-color=#0a0a0a class=\"qbutton  medium center default\" style=\"color: #ffffff; border-color: #0a0a0a; background-color: #0a0a0a;\">Saber m\u00e1s<\/a>[vc_separator type=\u00bbtransparent\u00bb thickness=\u00bb0&#8243; up=\u00bb41&#8243; down=\u00bb41&#8243;][\/vc_column][\/vc_row]<\/p>\n","protected":false},"excerpt":{"rendered":"<p>[vc_row css_animation=\u00bb\u00bb row_type=\u00bbrow\u00bb use_row_as_full_screen_section=\u00bbno\u00bb type=\u00bbgrid\u00bb anchor=\u00bbtechnology\u00bb angled_section=\u00bbno\u00bb text_align=\u00bbleft\u00bb background_image=\u00bb157&#8243; background_image_as_pattern=\u00bbwithout_pattern\u00bb][vc_column offset=\u00bbvc_col-lg-6 vc_col-md-6&#8243; css=\u00bb.vc_custom_1496136918247{padding-top: 18% !important;}\u00bb][vc_column_text] TAPONES FORTIS [\/vc_column_text][vc_separator type=\u00bbsmall\u00bb position=\u00bbleft\u00bb color=\u00bb#ffffff\u00bb thickness=\u00bb2&#8243; up=\u00bb24&#8243; down=\u00bb24&#8243;][vc_column_text]La gama FORTIS ha sido desarrollada para dar respuesta a los requisitos de la producci\u00f3n de vino actual. Ante un consumidor cada&#8230;<\/p>\n","protected":false},"author":5,"featured_media":0,"parent":0,"menu_order":0,"comment_status":"closed","ping_status":"closed","template":"full_width.php","meta":{"footnotes":""},"class_list":["post-131","page","type-page","status-publish","hentry"],"_links":{"self":[{"href":"https:\/\/fortiscork.com\/es\/wp-json\/wp\/v2\/pages\/131","targetHints":{"allow":["GET"]}}],"collection":[{"href":"https:\/\/fortiscork.com\/es\/wp-json\/wp\/v2\/pages"}],"about":[{"href":"https:\/\/fortiscork.com\/es\/wp-json\/wp\/v2\/types\/page"}],"author":[{"embeddable":true,"href":"https:\/\/fortiscork.com\/es\/wp-json\/wp\/v2\/users\/5"}],"replies":[{"embeddable":true,"href":"https:\/\/fortiscork.com\/es\/wp-json\/wp\/v2\/comments?post=131"}],"version-history":[{"count":46,"href":"https:\/\/fortiscork.com\/es\/wp-json\/wp\/v2\/pages\/131\/revisions"}],"predecessor-version":[{"id":536,"href":"https:\/\/fortiscork.com\/es\/wp-json\/wp\/v2\/pages\/131\/revisions\/536"}],"wp:attachment":[{"href":"https:\/\/fortiscork.com\/es\/wp-json\/wp\/v2\/media?parent=131"}],"curies":[{"name":"wp","href":"https:\/\/api.w.org\/{rel}","templated":true}]}}